{"id":4170,"date":"2021-09-28T14:42:32","date_gmt":"2021-09-28T11:42:32","guid":{"rendered":"https:\/\/vaso.fi\/home\/"},"modified":"2023-09-12T15:20:32","modified_gmt":"2023-09-12T12:20:32","slug":"home","status":"publish","type":"page","link":"https:\/\/www.vaso.fi\/en\/","title":{"rendered":"Home"},"content":{"rendered":"\r\n<section class=\"hero site-banner banner-bg-image section-default left alignfull image\">\r\n\r\n    <div class=\"site-banner-bg section-bg-image \" >\r\n\r\n        <img decoding=\"async\" width=\"1920\" height=\"1080\" src=\"https:\/\/www.vaso.fi\/wp-content\/uploads\/2022\/10\/vaso-mies-ja-lapsijpeg.jpg\" class=\"attachment-1536\u00d71536 size-1536\u00d71536\" alt=\"\" srcset=\"https:\/\/www.vaso.fi\/wp-content\/uploads\/2022\/10\/vaso-mies-ja-lapsijpeg.jpg 1920w, https:\/\/www.vaso.fi\/wp-content\/uploads\/2022\/10\/vaso-mies-ja-lapsijpeg-300x169.jpg 300w, https:\/\/www.vaso.fi\/wp-content\/uploads\/2022\/10\/vaso-mies-ja-lapsijpeg-1024x576.jpg 1024w, https:\/\/www.vaso.fi\/wp-content\/uploads\/2022\/10\/vaso-mies-ja-lapsijpeg-768x432.jpg 768w, https:\/\/www.vaso.fi\/wp-content\/uploads\/2022\/10\/vaso-mies-ja-lapsijpeg-1536x864.jpg 1536w\" sizes=\"(max-width: 1920px) 100vw, 1920px\" \/>\r\n        \r\n            <div class=\"site-banner-content container\">\r\n                <div class=\"row w-100\">\r\n                    <div class=\"col-md-12\">\r\n                                                        <h1 class=\"hero-title\">Thinking about a new home?<\/h1>\r\n\r\n                        <div class=\"inner-content\">\r\n                            <div class=\"acf-innerblocks-container\">\n\n<p>Welcome to discover Vaso homes.<\/p>\n\n\n\n<div class=\"wp-block-button is-style-fill\"><a class=\"wp-block-button__link has-pink-background-color has-background wp-element-button\" href=\"https:\/\/vaso-markkinointihaku.etampuuri.fi\/\" target=\"_blank\" rel=\"noreferrer noopener\">View the available homes<\/a><\/div>\n\n<\/div>\r\n                        <\/div>                    <\/div>\r\n                                    <\/div>\r\n            <\/div>\r\n        \r\n        <\/div><\/section>\r\n\t<div class=\"my-3 pb-3 breadcrumb\">\r\n        \t<\/div>\r\n\n\n\n<div class=\"wp-block-columns is-layout-flex wp-container-core-columns-is-layout-9d6595d7 wp-block-columns-is-layout-flex\">\n<div class=\"wp-block-column is-vertically-aligned-top is-layout-flow wp-block-column-is-layout-flow\" style=\"flex-basis:50%\">\n<h2 class=\"wp-block-heading has-text-align-center\">I am looking for a new home<\/h2>\n\n\n\n<div class=\"wp-block-buttons alignwide is-vertical is-content-justification-center is-layout-flex wp-container-core-buttons-is-layout-4b2eccd6 wp-block-buttons-is-layout-flex\">\n<div class=\"wp-block-button has-custom-width wp-block-button__width-100\"><a class=\"wp-block-button__link wp-element-button\" href=\"https:\/\/www.vaso.fi\/en\/how-can-i-apply-for-a-home\/\">Search for a home<\/a><\/div>\n\n\n\n<div class=\"wp-block-button has-custom-width wp-block-button__width-100\"><a class=\"wp-block-button__link wp-element-button\" href=\"https:\/\/vaso-markkinointihaku.etampuuri.fi\/\" target=\"_blank\" rel=\"noreferrer noopener\">Discover Vaso homes<\/a><\/div>\n\n\n\n<div class=\"wp-block-button has-custom-width wp-block-button__width-100\"><a class=\"wp-block-button__link wp-element-button\" href=\"https:\/\/www.vaso.fi\/en\/how-can-i-apply-for-a-home\/faqs-for-housing-applicants\/\">FAQs<\/a><\/div>\n<\/div>\n\n\n<div class=\"wp-block-image\">\n<figure class=\"aligncenter size-full\"><img decoding=\"async\" width=\"441\" height=\"574\" src=\"https:\/\/www.vaso.fi\/wp-content\/uploads\/2022\/10\/tytto.png\" alt=\"Nainen etsii asukastietoa tietokoneelta.\" class=\"wp-image-3544\" srcset=\"https:\/\/www.vaso.fi\/wp-content\/uploads\/2022\/10\/tytto.png 441w, https:\/\/www.vaso.fi\/wp-content\/uploads\/2022\/10\/tytto-230x300.png 230w\" sizes=\"(max-width: 441px) 100vw, 441px\" \/><\/figure>\n<\/div><\/div>\n\n\n\n<div class=\"wp-block-column reverse-column is-layout-flow wp-block-column-is-layout-flow\" style=\"flex-basis:50%\">\n<div class=\"wp-block-group\"><div class=\"wp-block-group__inner-container is-layout-flow wp-block-group-is-layout-flow\"><div class=\"wp-block-image\">\n<figure class=\"aligncenter size-full\"><img decoding=\"async\" width=\"455\" height=\"558\" src=\"https:\/\/www.vaso.fi\/wp-content\/uploads\/2022\/10\/poika.png\" alt=\"Mies etsim\u00e4ss\u00e4 asuntoa netist\u00e4\" class=\"wp-image-3545\" srcset=\"https:\/\/www.vaso.fi\/wp-content\/uploads\/2022\/10\/poika.png 455w, https:\/\/www.vaso.fi\/wp-content\/uploads\/2022\/10\/poika-245x300.png 245w\" sizes=\"(max-width: 455px) 100vw, 455px\" \/><\/figure>\n<\/div><\/div><\/div>\n\n\n\n<div class=\"wp-block-group\"><div class=\"wp-block-group__inner-container is-layout-flow wp-block-group-is-layout-flow\">\n<h2 class=\"wp-block-heading has-text-align-center\">I am a resident<\/h2>\n\n\n\n<div class=\"wp-block-buttons is-vertical is-content-justification-center is-layout-flex wp-container-core-buttons-is-layout-4b2eccd6 wp-block-buttons-is-layout-flex\">\n<div class=\"wp-block-button has-custom-width wp-block-button__width-100\"><a class=\"wp-block-button__link wp-element-button\" href=\"https:\/\/portaali.tampuuri.fi\/vaso\/vikailmoitus\" target=\"_blank\" rel=\"noreferrer noopener\">Your Vaso home<\/a><\/div>\n\n\n\n<div class=\"wp-block-button has-custom-width wp-block-button__width-100\"><a class=\"wp-block-button__link wp-element-button\" href=\"https:\/\/portaali.tampuuri.fi\/vaso\/vikailmoitus\" target=\"_blank\" rel=\"noreferrer noopener\">Submit a maintenance request<\/a><\/div>\n\n\n\n<div class=\"wp-block-button has-custom-width wp-block-button__width-100\"><a class=\"wp-block-button__link wp-element-button\" href=\"https:\/\/www.vaso.fi\/en\/maintenance-or-property-management\/\">Maintenance OR property management<\/a><\/div>\n<\/div>\n<\/div><\/div>\n<\/div>\n<\/div>\n\n\n\n<div class=\"wp-block-group alignfull has-light-green-background-color has-background\"><div class=\"wp-block-group__inner-container is-layout-flow wp-block-group-is-layout-flow\">\n<div class=\"wp-block-group\"><div class=\"wp-block-group__inner-container is-layout-flow wp-block-group-is-layout-flow\">\n<h2 class=\"wp-block-heading has-text-align-center\">What is the right of occupancy?<\/h2>\n\n\n\n<p class=\"has-text-align-center\">Right of occupancy is a hassle-free, risk-free and flexible form of housing without taking out a large loan. While you are living in your home, you pay a residence charge that is lower than the market rent level. You can live in a right-of-occupancy home for as long as you want.&nbsp;Right of occupancy is a strong alternative to rental and owner-occupied housing. Vaso is the leading right-of-occupancy company in the Turku region, offering affordable housing in Turku, Raisio, Naantali, Kaarina, and Lieto.<\/p>\n\n\n\n<div class=\"wp-block-buttons is-content-justification-center is-layout-flex wp-container-core-buttons-is-layout-16018d1d wp-block-buttons-is-layout-flex\">\n<div class=\"wp-block-button\"><a class=\"wp-block-button__link has-black-color has-white-background-color has-text-color has-background wp-element-button\" href=\"https:\/\/www.vaso.fi\/en\/apartment-search__trashed\/right-of-occupancy\/\">Read more <svg class=\"bi  \" width=\"1em\" height=\"1em\" fill=\"currentColor\">\r\n\t<use xlink:href=\"https:\/\/www.vaso.fi\/wp-content\/themes\/luotsi2\/assets\/img\/bootstrap-icons.svg#chevron-right\" \/>\r\n<\/svg><\/a><\/div>\n<\/div>\n<\/div><\/div>\n<\/div><\/div>\n","protected":false},"excerpt":{"rendered":"<p>I am looking for a new home I am a resident What is the right of occupancy? Right of occupancy is a hassle-free, risk-free and flexible form of housing without taking out a large loan. While you are living in your home, you pay a residence charge that is lower than the market rent level. [&hellip;]<\/p>\n","protected":false},"author":1,"featured_media":4003,"parent":0,"menu_order":1,"comment_status":"closed","ping_status":"closed","template":"","meta":{"_acf_changed":false,"footnotes":""},"class_list":["post-4170","page","type-page","status-publish","has-post-thumbnail","hentry"],"acf":[],"aioseo_notices":[],"publishpress_future_action":{"enabled":false,"date":"2026-05-02 17:42:21","action":"change-status","newStatus":"draft","terms":[],"taxonomy":"translation_priority","extraData":[]},"publishpress_future_workflow_manual_trigger":{"enabledWorkflows":[]},"_links":{"self":[{"href":"https:\/\/www.vaso.fi\/en\/wp-json\/wp\/v2\/pages\/4170","targetHints":{"allow":["GET"]}}],"collection":[{"href":"https:\/\/www.vaso.fi\/en\/wp-json\/wp\/v2\/pages"}],"about":[{"href":"https:\/\/www.vaso.fi\/en\/wp-json\/wp\/v2\/types\/page"}],"author":[{"embeddable":true,"href":"https:\/\/www.vaso.fi\/en\/wp-json\/wp\/v2\/users\/1"}],"replies":[{"embeddable":true,"href":"https:\/\/www.vaso.fi\/en\/wp-json\/wp\/v2\/comments?post=4170"}],"version-history":[{"count":0,"href":"https:\/\/www.vaso.fi\/en\/wp-json\/wp\/v2\/pages\/4170\/revisions"}],"wp:featuredmedia":[{"embeddable":true,"href":"https:\/\/www.vaso.fi\/en\/wp-json\/wp\/v2\/media\/4003"}],"wp:attachment":[{"href":"https:\/\/www.vaso.fi\/en\/wp-json\/wp\/v2\/media?parent=4170"}],"curies":[{"name":"wp","href":"https:\/\/api.w.org\/{rel}","templated":true}]}}