{"id":8374,"date":"2022-11-09T12:42:36","date_gmt":"2022-11-09T10:42:36","guid":{"rendered":"https:\/\/www.vaso.fi\/?page_id=8374"},"modified":"2023-09-12T15:25:29","modified_gmt":"2023-09-12T12:25:29","slug":"broadband-and-tv","status":"publish","type":"page","link":"https:\/\/www.vaso.fi\/en\/broadband-and-tv\/","title":{"rendered":"Broadband and TV"},"content":{"rendered":"\r\n<section class=\"hero site-banner banner-bg-image section-default left alignfull image\">\r\n\r\n    <div class=\"site-banner-bg section-bg-image \" >\r\n\r\n        <img decoding=\"async\" width=\"1920\" height=\"1283\" src=\"https:\/\/www.vaso.fi\/wp-content\/uploads\/2022\/11\/vaso-kaukosaadin.jpg\" class=\"attachment-1536\u00d71536 size-1536\u00d71536\" alt=\"\" srcset=\"https:\/\/www.vaso.fi\/wp-content\/uploads\/2022\/11\/vaso-kaukosaadin.jpg 1920w, https:\/\/www.vaso.fi\/wp-content\/uploads\/2022\/11\/vaso-kaukosaadin-300x200.jpg 300w, https:\/\/www.vaso.fi\/wp-content\/uploads\/2022\/11\/vaso-kaukosaadin-1024x684.jpg 1024w, https:\/\/www.vaso.fi\/wp-content\/uploads\/2022\/11\/vaso-kaukosaadin-768x513.jpg 768w, https:\/\/www.vaso.fi\/wp-content\/uploads\/2022\/11\/vaso-kaukosaadin-1536x1026.jpg 1536w\" sizes=\"(max-width: 1920px) 100vw, 1920px\" \/>\r\n        \r\n            <div class=\"site-banner-content container\">\r\n                <div class=\"row w-100\">\r\n                    <div class=\"col-md-12\">\r\n                                                        <h1 class=\"hero-title\">Broadband and TV<\/h1>\r\n\r\n                        <div class=\"inner-content\">\r\n                            <div class=\"acf-innerblocks-container\"><\/div>\r\n                        <\/div>                    <\/div>\r\n                                    <\/div>\r\n            <\/div>\r\n        \r\n        <\/div><\/section>\r\n\t<div class=\"my-3 pb-3 breadcrumb\">\r\n        \t<\/div>\r\n\n\n\n<p>We offer our customers a free 100&nbsp;Mbps broadband connection. DNA provides internet and TV services to all of Vaso\u2019s properties. Residents will need a Cable Ready HD or DVB-C TV or set-top box suitable for households with cable.<\/p>\n\n\n\n<p>You can activate your DNA internet connection by calling DNA\u2019s customer service personnel on 044&nbsp;144044 or visiting&nbsp;<a href=\"https:\/\/dna.fi\/vaso\" target=\"_blank\" rel=\"noreferrer noopener\">www.dna.fi\/vaso<\/a>. All Vaso homes have a DNA internet connection with a basic speed of 100&nbsp;Mbps. You will find DNA\u2019s other services at the same address.<\/p>\n\n\n\n<p>You can pick up a cable modem from a DNA shop. You can also order one for delivery by post using DNA\u2019s website or calling DNA\u2019s customer service personnel. Residents receive their first modem for free. The modem\u2019s warranty period is two years.<\/p>\n\n\n\n<p>Return the modem to a DNA shop when you move out of your Vaso home.<\/p>\n\n\n\n<h5 class=\"wp-block-heading\"><strong>Cable modems are not required on Ethernet sites. These sites are:<\/strong><\/h5>\n\n\n\n<ul class=\"wp-block-list\">\n<li>Ilkanterassi, at<em> Ilkanrinne 4<\/em><\/li>\n\n\n\n<li>L\u00e4nsipuisto, at<em> Asentajankatu 7<\/em><\/li>\n\n\n\n<li>Keonraitti, at<em> Keonpellonkatu 4<\/em><\/li>\n\n\n\n<li>Kukoila, at<em> Halvarinkatu 4<\/em><\/li>\n\n\n\n<li>Kuninkaanlaakso, at<em> K\u00e4r\u00e4j\u00e4tuomarinkatu 18<\/em><\/li>\n\n\n\n<li>Westparkin Lehmus, at<em> Ty\u00f6njohtajankatu 11<\/em><\/li>\n\n\n\n<li>Soininen, at<em> Soinistentie 26<\/em><\/li>\n\n\n\n<li>Westparkin Honka, at<em> Lukkosep\u00e4nkatu 5 b<\/em><\/li>\n\n\n\n<li>Metsola, at<em> Airikinportti 4<\/em><\/li>\n\n\n\n<li>Katariina, at<em> Eerikinkuja 1<\/em><\/li>\n\n\n\n<li>Lehtokerttu, at<\/li>\n\n\n\n<li>Pappilanaho, at<em> Koroistenkuja 1<\/em><\/li>\n\n\n\n<li>P\u00e4\u00e4skynlinna, at<em> P\u00e4\u00e4skysillankatu 5<\/em><\/li>\n\n\n\n<li>Ratsu, at<em> M\u00e4kil\u00e4nkatu 5<\/em><\/li>\n\n\n\n<li>Unikko, at<em> Suoniityntie 8<\/em><\/li>\n\n\n\n<li>Prinssi, at<em> M\u00e4kil\u00e4nkatu 3 ja 8<\/em><\/li>\n\n\n\n<li>Melodia, at<em> Tornikatu 15<\/em><\/li>\n\n\n\n<li>Jokihelmi, at<em> Karjatie 12 b<\/em><\/li>\n\n\n\n<li>Ruustinna, at<em> Kirkkov\u00e4\u00e4rtinkuja 1 b<\/em><\/li>\n\n\n\n<li>Kartanonpuisto, at<em> Kartanontie 5 b<\/em><\/li>\n\n\n\n<li>Villa Gardberg, at<em> K\u00e4rs\u00e4m\u00e4entie 68c ja 68f<\/em><\/li>\n<\/ul>\n\n\n\n<p>You must register to activate your broadband service. You can activate your DNA internet connection by calling DNA\u2019s customer service personnel on 044 144044 or by following the link below.<\/p>\n\n\n\n<div class=\"wp-block-buttons is-layout-flex wp-block-buttons-is-layout-flex\">\n<div class=\"wp-block-button\"><a class=\"wp-block-button__link wp-element-button\" href=\"http:\/\/www.dna.fi\/vaso\" target=\"_blank\" rel=\"noreferrer noopener\">Dna Vaso<\/a><\/div>\n<\/div>\n\n\n\n<h5 class=\"wp-block-heading\"><strong><strong>Having broadband problems?<\/strong><\/strong><\/h5>\n\n\n\n<p>Contact DNA if you have any problems with your internet connection.<\/p>\n","protected":false},"excerpt":{"rendered":"<p>We offer our customers a free 100&nbsp;Mbps broadband connection. DNA provides internet and TV services to all of Vaso\u2019s properties. Residents will need a Cable Ready HD or DVB-C TV or set-top box suitable for households with cable. You can activate your DNA internet connection by calling DNA\u2019s customer service personnel on 044&nbsp;144044 or visiting&nbsp;www.dna.fi\/vaso. [&hellip;]<\/p>\n","protected":false},"author":1,"featured_media":4121,"parent":0,"menu_order":5,"comment_status":"closed","ping_status":"closed","template":"","meta":{"_acf_changed":false,"footnotes":""},"class_list":["post-8374","page","type-page","status-publish","has-post-thumbnail","hentry"],"acf":[],"aioseo_notices":[],"publishpress_future_action":{"enabled":false,"date":"2026-04-23 03:24:33","action":"change-status","newStatus":"draft","terms":[],"taxonomy":"translation_priority","extraData":[]},"publishpress_future_workflow_manual_trigger":{"enabledWorkflows":[]},"_links":{"self":[{"href":"https:\/\/www.vaso.fi\/en\/wp-json\/wp\/v2\/pages\/8374","targetHints":{"allow":["GET"]}}],"collection":[{"href":"https:\/\/www.vaso.fi\/en\/wp-json\/wp\/v2\/pages"}],"about":[{"href":"https:\/\/www.vaso.fi\/en\/wp-json\/wp\/v2\/types\/page"}],"author":[{"embeddable":true,"href":"https:\/\/www.vaso.fi\/en\/wp-json\/wp\/v2\/users\/1"}],"replies":[{"embeddable":true,"href":"https:\/\/www.vaso.fi\/en\/wp-json\/wp\/v2\/comments?post=8374"}],"version-history":[{"count":0,"href":"https:\/\/www.vaso.fi\/en\/wp-json\/wp\/v2\/pages\/8374\/revisions"}],"wp:featuredmedia":[{"embeddable":true,"href":"https:\/\/www.vaso.fi\/en\/wp-json\/wp\/v2\/media\/4121"}],"wp:attachment":[{"href":"https:\/\/www.vaso.fi\/en\/wp-json\/wp\/v2\/media?parent=8374"}],"curies":[{"name":"wp","href":"https:\/\/api.w.org\/{rel}","templated":true}]}}