{"id":8415,"date":"2024-01-01T00:01:57","date_gmt":"2023-12-31T22:01:57","guid":{"rendered":"https:\/\/www.vaso.fi\/?page_id=8415"},"modified":"2025-09-10T12:15:06","modified_gmt":"2025-09-10T09:15:06","slug":"ansok-om-ett-ordningsnummer","status":"publish","type":"page","link":"https:\/\/www.vaso.fi\/sv\/hur-ansoker-jag-om-en-bostad\/ansok-om-ett-ordningsnummer\/","title":{"rendered":"Ans\u00f6k om ett ordningsnummer"},"content":{"rendered":"\r\n<section class=\"hero site-banner banner-bg-image section-default left alignfull image\">\r\n\r\n    <div class=\"site-banner-bg section-bg-image \" >\r\n\r\n        <img decoding=\"async\" width=\"1940\" height=\"1280\" src=\"https:\/\/www.vaso.fi\/wp-content\/uploads\/2023\/02\/hakemus-ja-jarjestysnumero.jpg\" class=\"attachment-1536\u00d71536 size-1536\u00d71536\" alt=\"Vaso lapsi ja vanhempi tietokoneella\" srcset=\"https:\/\/www.vaso.fi\/wp-content\/uploads\/2023\/02\/hakemus-ja-jarjestysnumero.jpg 1940w, https:\/\/www.vaso.fi\/wp-content\/uploads\/2023\/02\/hakemus-ja-jarjestysnumero-300x198.jpg 300w, https:\/\/www.vaso.fi\/wp-content\/uploads\/2023\/02\/hakemus-ja-jarjestysnumero-1024x676.jpg 1024w, https:\/\/www.vaso.fi\/wp-content\/uploads\/2023\/02\/hakemus-ja-jarjestysnumero-768x507.jpg 768w, https:\/\/www.vaso.fi\/wp-content\/uploads\/2023\/02\/hakemus-ja-jarjestysnumero-1536x1013.jpg 1536w\" sizes=\"(max-width: 1940px) 100vw, 1940px\" \/>\r\n        \r\n            <div class=\"site-banner-content container\">\r\n                <div class=\"row w-100\">\r\n                    <div class=\"col-md-12\">\r\n                                                        <h1 class=\"hero-title\">Ans\u00f6k om ett ordningsnummer<\/h1>\r\n\r\n                        <div class=\"inner-content\">\r\n                            <div class=\"acf-innerblocks-container\"><\/div>\r\n                        <\/div>                    <\/div>\r\n                                    <\/div>\r\n            <\/div>\r\n        \r\n        <\/div><\/section>\r\n\t<div class=\"my-3 pb-3 breadcrumb\">\r\n        <div class=\"aioseo-breadcrumbs\"><span class=\"aioseo-breadcrumb\">\n\t<a href=\"https:\/\/www.vaso.fi\/sv\/hur-ansoker-jag-om-en-bostad\/\" title=\"Hur ans\u00f6ker jag om en bostad?\">Hur ans\u00f6ker jag om en bostad?<\/a>\n<\/span><span class=\"aioseo-breadcrumb-separator\">\u203a<\/span><span class=\"aioseo-breadcrumb\">\n\tAns\u00f6k om ett ordningsnummer\n<\/span><\/div>\t<\/div>\r\n\n\n\n<h2 class=\"wp-block-heading\"><strong><strong>F\u00f6r att ans\u00f6ka om en bostadsr\u00e4ttsbostad beh\u00f6ver du ett ordningsnummer<\/strong><\/strong><\/h2>\n\n\n\n<p><strong>Numret kan du ans\u00f6ka om i Varke:s (Finansierings- och utvecklingscentralen f\u00f6r boendet) online-tj\u00e4nst.<\/strong><\/p>\n\n\n\n<p>Numret som Varke beviljar \u00e4r riksomfattande, s\u00e5 med det kan du s\u00f6ka bostad var som helst runt om i Finland. Numret kostar 9,20 \u20ac och \u00e4r giltigt i tv\u00e5 \u00e5r eller tills du har ing\u00e5tt ett bostadsr\u00e4ttsavtal d\u00e4r du anv\u00e4nt detta nummer. Du f\u00f6rbinder dig inte till n\u00e5got d\u00e5 du ans\u00f6ker om ett ordningsnummer.<br><br>Du kan ans\u00f6ka om ordningsnummer ensam eller tillsammans med andra s\u00f6kande. Om ni vill ans\u00f6ka om ett gemensamt ordningsnummer, fyller en s\u00f6kande i ans\u00f6kan och l\u00e4gger till meds\u00f6kandenas uppgifter. V\u00e4nligen observera att den som ans\u00f6ker om ordningsnummer m\u00e5ste vara myndig och att en person endast kan ha ett giltigt ordningsnummer i g\u00e5ngen.<br><br>Du beh\u00f6ver inget ordningsnummer om du vill byta bostad inom samma bostadsfastighet.\u00a0<br>Om du vill byta till ett annat Vaso-hem (inte i samma bostadsfastighet) beh\u00f6ver du fortfarande ett giltigt ordningsnummer.<br><br>Kom ocks\u00e5 ih\u00e5g att fylla i ans\u00f6kan om bostad.<\/p>\n\n\n\n<div style=\"height:10px\" aria-hidden=\"true\" class=\"wp-block-spacer\"><\/div>\n\n\n\n<div class=\"wp-block-buttons is-layout-flex wp-block-buttons-is-layout-flex\">\n<div class=\"wp-block-button has-custom-width wp-block-button__width-50\"><a class=\"wp-block-button__link wp-element-button\" href=\"http:\/\/hakija.aso.fi\/kirjaudu\">Ans\u00f6kan om ordningsnummer<\/a><\/div>\n\n\n\n<div class=\"wp-block-button has-custom-width wp-block-button__width-50\"><a class=\"wp-block-button__link wp-element-button\" href=\"https:\/\/hakemus.tampuuri.fi\/vaso\/\">Ans\u00f6kan om bostad<\/a><\/div>\n<\/div>\n\n\n\n<div class=\"wp-block-buttons is-layout-flex wp-block-buttons-is-layout-flex\">\n<div class=\"wp-block-button has-custom-width wp-block-button__width-50\"><a class=\"wp-block-button__link wp-element-button\" href=\"https:\/\/www.ara.fi\/fi-FI\/Ajankohtaista\/Uutiset_ja_tiedotteet\/Uutiset_ja_tiedotteet_2023\/ARAn_asojarjestysnumeropalvelu_avautuu_s(65816)\" target=\"_blank\" rel=\"noreferrer noopener\">Varke:s anvisningar<\/a><\/div>\n<\/div>\n\n\n\n<div style=\"height:10px\" aria-hidden=\"true\" class=\"wp-block-spacer\"><\/div>\n\n\n\n<h4 class=\"wp-block-heading\"><strong>Vad ska man g\u00f6ra om ditt k\u00f6nummer g\u00e5r ut?<\/strong><\/h4>\n\n\n\n<p>K\u00f6numret \u00e4r giltigt i tv\u00e5 \u00e5r. Om du fortfarande \u00e4r intresserad av att ans\u00f6ka om en bostad med bostadsr\u00e4tt, b\u00f6r du skaffa ett nytt k\u00f6nummer direkt efter att det gamla har g\u00e5tt ut och samtidigt l\u00e4mna in en ny bostadsans\u00f6kan. Den gamla ans\u00f6kan med det gamla numret tas automatiskt bort.<\/p>\n\n\n\n<p>Observera att endast ett k\u00f6nummer kan vara giltigt \u00e5t g\u00e5ngen.<\/p>\n\n\n\n<p>Ett nytt nummer kan inte ans\u00f6kas om innan det gamla har l\u00f6pt ut. \u00c4ven om det \u00e4r m\u00f6jligt att avs\u00e4ga sig det gamla numret i f\u00f6rv\u00e4g, rekommenderas det inte. Om du avs\u00e4ger dig numret innan giltighetstiden har g\u00e5tt ut, f\u00f6rlorar du din plats i de erbjudanderundor du redan har deltagit i.<\/p>\n\n\n\n<p><strong>Ett nytt k\u00f6nummer kan inte l\u00e4ggas till en gammal bostadsans\u00f6kan. F\u00f6r att l\u00e4gga till ett nytt k\u00f6nummer m\u00e5ste du fylla i en helt ny ans\u00f6kan.<\/strong><strong><\/strong><\/p>\n\n\n\n<div style=\"height:10px\" aria-hidden=\"true\" class=\"wp-block-spacer\"><\/div>\n\n\n\n<hr class=\"wp-block-separator has-alpha-channel-opacity is-style-wide\"\/>\n\n\n\n<div style=\"height:10px\" aria-hidden=\"true\" class=\"wp-block-spacer\"><\/div>\n\n\n\n<h3 class=\"wp-block-heading\"><strong>Varke:s svar p\u00e5 de vanligaste fr\u00e5gorna om det riksomfattande ordningsnumret<\/strong><\/h3>\n\n\n\n<div style=\"height:10px\" aria-hidden=\"true\" class=\"wp-block-spacer\"><\/div>\n\n\n\n<h4 class=\"wp-block-heading\"><strong><strong>Att ans\u00f6ka om ordningsnummer<\/strong><\/strong><\/h4>\n\n\n\n<p>Du kan ans\u00f6ka om ordningsnummer ensam eller tillsammans med andra s\u00f6kande. Om ni vill ans\u00f6ka om ett gemensamt ordningsnummer, fyller en s\u00f6kande i ans\u00f6kan och l\u00e4gger till meds\u00f6kandenas uppgifter. V\u00e4nligen observera att den som ans\u00f6ker om ordningsnummer m\u00e5ste vara myndig och att en person endast kan ha ett giltigt ordningsnummer i g\u00e5ngen.<a><br><\/a><br>Man kan ocks\u00e5 ans\u00f6ka om ordningsnummer med en pappersblankett. Ans\u00f6kningsblanketten hittar du p\u00e5 webbsidan ara.fi, d\u00e4r du kan skriva ut den. Du kan ocks\u00e5 h\u00e4mta blanketten fr\u00e5n Vasos kontor. Blanketten skickas in till Varke antingen per post eller e-post:<\/p>\n\n\n\n<p><strong><a href=\"postadress:\">Postal address:<\/a> Ymp\u00e4rist\u00f6ministeri\u00f6, Valtion tukeman asuntorakentamisen keskus, PL 35, 00023 Valtioneuvosto<br>Email: <\/strong><a href=\"mailto:asumisoikeus.varke@gov.fi\"><strong>asumisoikeus.varke@gov.fi<\/strong><\/a><\/p>\n\n\n\n<p>P\u00e5 ans\u00f6kningsblanketten hittar du uppgifter f\u00f6r betalning av ordningsnumret och kvittot \u00f6ver betalningen ska skickas in tillsammans med ans\u00f6kningsblanketten.<\/p>\n\n\n\n<p>Blanketterna i pappersform handl\u00e4ggs i den ordning de kommit in. Det g\u00e5r snabbast att f\u00e5 ordningsnumret via e-tj\u00e4nsten.<\/p>\n\n\n\n<p>Man kan inte best\u00e4lla ordningsnummer per telefon.<\/p>\n\n\n\n<div style=\"height:10px\" aria-hidden=\"true\" class=\"wp-block-spacer\"><\/div>\n\n\n\n<h4 class=\"wp-block-heading\"><strong><strong>Varf\u00f6r beh\u00f6ver jag ett ordningsnummer? <\/strong> <\/strong><\/h4>\n\n\n\n<p>Mottagaren av en bostadsr\u00e4ttsbostad best\u00e4ms p\u00e5 basis av ordningsnumret. N\u00e4r ans\u00f6kningstiden f\u00f6r bostaden g\u00e5tt ut erbjuder vi bostaden till s\u00f6kanden med f\u00f6retr\u00e4de. De inv\u00e5nare som ans\u00f6ker om byte inom samma bostadsfastighet har f\u00f6retr\u00e4de. Om det inte finns s\u00f6kande fr\u00e5n samma fastighet, erbjuder vi bostaden till den f\u00f6rsta s\u00f6kande som har det minsta giltiga ordningsnumret.<\/p>\n\n\n\n<p>Du \u00e4r inte skyldig att ta emot en bostad, s\u00e5 du kan utan oro tacka nej till en bostad om den inte k\u00e4nns som ett l\u00e4mpligt hem f\u00f6r just dig. Att du tackar nej p\u00e5verkar inte ans\u00f6kningsprocessen eller dina m\u00f6jligheter att f\u00e5 en bostad och ans\u00f6kan \u00e4r fortfarande giltig.<\/p>\n\n\n\n<div style=\"height:10px\" aria-hidden=\"true\" class=\"wp-block-spacer\"><\/div>\n\n\n\n<h4 class=\"wp-block-heading\"><strong>Att betala och f\u00e5 numret<\/strong><\/h4>\n\n\n\n<p>Betala ordningsnumret som en online-betalning i samband med ans\u00f6kan. N\u00e4r betalningen lyckats f\u00e5r du ett ordningsnummer. Du ser ditt eget ordningsnummer i ordningsnummerregistret genast efter beviljandet. Du f\u00e5r ocks\u00e5 ett meddelande om det beviljade ordningsnumret via Suomi.fi-tj\u00e4nstens meddelandefunktion, antingen per e-post eller per brev, beroende p\u00e5 dina Suomi.fi-inst\u00e4llningar. Om du har valt SMS-alternativet i din ans\u00f6kan, f\u00e5r du uppgifterna om ditt ordningsnummer \u00e4ven som SMS.<\/p>\n\n\n\n<p>N\u00e4r du f\u00e5tt ordningsnumret, fyll i bostadsans\u00f6kan<strong>.<\/strong><strong><\/strong><\/p>\n\n\n\n<div style=\"height:10px\" aria-hidden=\"true\" class=\"wp-block-spacer\"><\/div>\n\n\n\n<h4 class=\"wp-block-heading\"><strong>Kontrollera ditt ordningsnummer eller uppdatera information<\/strong><\/h4>\n\n\n\n<p>You can check your queue number by logging in to the Varke queue number register. The register displays your queue number and its validity, as well as a summary of your queue number application.<\/p>\n\n\n\n<div style=\"height:10px\" aria-hidden=\"true\" class=\"wp-block-spacer\"><\/div>\n\n\n\n<div class=\"wp-block-buttons is-layout-flex wp-block-buttons-is-layout-flex\">\n<div class=\"wp-block-button has-custom-width wp-block-button__width-50\"><a class=\"wp-block-button__link wp-element-button\" href=\"https:\/\/hakija.aso.fi\/kirjaudu\">Ans\u00f6kan om ordningsnummer<\/a><\/div>\n<\/div>\n\n\n\n<div style=\"height:10px\" aria-hidden=\"true\" class=\"wp-block-spacer\"><\/div>\n\n\n\n<p>You can update your details and the contact details of the other number holders on your queue number application. You can also modify the details in your queue number application concerning your family members and housing preferences.<\/p>\n\n\n\n<p>New number holders cannot be added to an existing queue number.<\/p>\n\n\n\n<p>You can only remove yourself as a holder of the queue number by relinquishing your queue number. If you want to relinquish your number completely, every holder of the queue number must relinquish their holding in it.<\/p>\n\n\n\n<div style=\"height:10px\" aria-hidden=\"true\" class=\"wp-block-spacer\"><\/div>\n\n\n\n<h4 class=\"wp-block-heading\"><strong><strong>Att avst\u00e5 fr\u00e5n ordningsnumret<\/strong><\/strong><\/h4>\n\n\n\n<p>Om du vill avst\u00e5 fr\u00e5n ditt ordningsnummer innan tidsfristen l\u00f6per ut kan du g\u00f6ra detta i ordningsnummerregistret. Ordningsnumret upph\u00f6r automatiskt att g\u00e4lla efter utg\u00e5ngsdatumet, s\u00e5 man beh\u00f6ver inte avst\u00e5 fr\u00e5n det separat, om det inte finns n\u00e5gon annan anledning till att g\u00f6ra det.<\/p>\n\n\n\n<p>V\u00e4nligen observera att du kan avst\u00e5 fr\u00e5n ordningsnumret endast f\u00f6r din egen del. Om det finns flera innehavare till ordningsnumret ska var och en sj\u00e4lv avst\u00e5 fr\u00e5n numret.<\/p>\n\n\n\n<p>Behovet att avst\u00e5 fr\u00e5n numret kan till exempel bero p\u00e5 skilsm\u00e4ssa, varvid man vill avst\u00e5 fr\u00e5n det gemensamma ordningsnumret s\u00e5 att numret f\u00f6rblir giltigt endast f\u00f6r den ena parten. D\u00e5 m\u00e5ste den andra parten avst\u00e5 fr\u00e5n ordningsnumret. Efter avst\u00e5endet f\u00f6rblir numret giltigt f\u00f6r den ena parten i enlighet med den ursprungliga tidsfristen. Alternativt kan b\u00e5da parter avst\u00e5 fr\u00e5n det gemensamma ordningsnumret och ans\u00f6ka om helt nya ordningsnummer \u00e5t sig sj\u00e4lva.<\/p>\n\n\n\n<div style=\"height:10px\" aria-hidden=\"true\" class=\"wp-block-spacer\"><\/div>\n\n\n\n<h4 class=\"wp-block-heading\"><strong>Varke svarar p\u00e5 fr\u00e5gor i anslutning till ordningsnumren:<\/strong><\/h4>\n\n\n\n<p>E-post: <strong><a href=\"mailto:asumisoikeus.varke@gov.fi\">asumisoikeus.varke@gov.fi<\/a><\/strong><\/p>\n\n\n\n<p>Varke:s avgiftsfria telefontj\u00e4nst tisdagar kl. 9\u201311 och onsdagar kl. 12\u201314<\/p>\n\n\n\n<p>Tfn +358 29&nbsp;525 0555<\/p>\n\n\n\n<p><\/p>\n\n\n\n<p><\/p>\n\n\n\n<p><\/p>\n","protected":false},"excerpt":{"rendered":"<p>F\u00f6r att ans\u00f6ka om en bostadsr\u00e4ttsbostad beh\u00f6ver du ett ordningsnummer Numret kan du ans\u00f6ka om i Varke:s (Finansierings- och utvecklingscentralen f\u00f6r boendet) online-tj\u00e4nst. Numret som Varke beviljar \u00e4r riksomfattande, s\u00e5 med det kan du s\u00f6ka bostad var som helst runt om i Finland. Numret kostar 9,20 \u20ac och \u00e4r giltigt i tv\u00e5 \u00e5r eller tills [&hellip;]<\/p>\n","protected":false},"author":3,"featured_media":5667,"parent":4196,"menu_order":2,"comment_status":"closed","ping_status":"closed","template":"","meta":{"_acf_changed":false,"footnotes":""},"class_list":["post-8415","page","type-page","status-publish","has-post-thumbnail","hentry"],"acf":[],"aioseo_notices":[],"publishpress_future_action":{"enabled":false,"date":"2026-05-08 15:20:57","action":"change-status","newStatus":"draft","terms":[],"taxonomy":"translation_priority","extraData":[]},"publishpress_future_workflow_manual_trigger":{"enabledWorkflows":[]},"_links":{"self":[{"href":"https:\/\/www.vaso.fi\/sv\/wp-json\/wp\/v2\/pages\/8415","targetHints":{"allow":["GET"]}}],"collection":[{"href":"https:\/\/www.vaso.fi\/sv\/wp-json\/wp\/v2\/pages"}],"about":[{"href":"https:\/\/www.vaso.fi\/sv\/wp-json\/wp\/v2\/types\/page"}],"author":[{"embeddable":true,"href":"https:\/\/www.vaso.fi\/sv\/wp-json\/wp\/v2\/users\/3"}],"replies":[{"embeddable":true,"href":"https:\/\/www.vaso.fi\/sv\/wp-json\/wp\/v2\/comments?post=8415"}],"version-history":[{"count":0,"href":"https:\/\/www.vaso.fi\/sv\/wp-json\/wp\/v2\/pages\/8415\/revisions"}],"up":[{"embeddable":true,"href":"https:\/\/www.vaso.fi\/sv\/wp-json\/wp\/v2\/pages\/4196"}],"wp:featuredmedia":[{"embeddable":true,"href":"https:\/\/www.vaso.fi\/sv\/wp-json\/wp\/v2\/media\/5667"}],"wp:attachment":[{"href":"https:\/\/www.vaso.fi\/sv\/wp-json\/wp\/v2\/media?parent=8415"}],"curies":[{"name":"wp","href":"https:\/\/api.w.org\/{rel}","templated":true}]}}