{"id":8422,"date":"2023-09-01T00:00:01","date_gmt":"2023-08-31T21:00:01","guid":{"rendered":"https:\/\/www.vaso.fi\/?page_id=8422"},"modified":"2025-05-08T12:43:44","modified_gmt":"2025-05-08T09:43:44","slug":"formogenhetsgrans","status":"publish","type":"page","link":"https:\/\/www.vaso.fi\/sv\/hur-ansoker-jag-om-en-bostad\/formogenhetsgrans\/","title":{"rendered":"F\u00f6rm\u00f6genhetsgr\u00e4ns"},"content":{"rendered":"\r\n<section class=\"hero site-banner banner-bg-image section-default left alignfull image\">\r\n\r\n    <div class=\"site-banner-bg section-bg-image \" >\r\n\r\n        <img decoding=\"async\" width=\"1280\" height=\"853\" src=\"https:\/\/www.vaso.fi\/wp-content\/uploads\/2023\/10\/piggy-bank-4757810-1280.jpg\" class=\"attachment-1536\u00d71536 size-1536\u00d71536\" alt=\"\" srcset=\"https:\/\/www.vaso.fi\/wp-content\/uploads\/2023\/10\/piggy-bank-4757810-1280.jpg 1280w, https:\/\/www.vaso.fi\/wp-content\/uploads\/2023\/10\/piggy-bank-4757810-1280-300x200.jpg 300w, https:\/\/www.vaso.fi\/wp-content\/uploads\/2023\/10\/piggy-bank-4757810-1280-1024x682.jpg 1024w, https:\/\/www.vaso.fi\/wp-content\/uploads\/2023\/10\/piggy-bank-4757810-1280-768x512.jpg 768w\" sizes=\"(max-width: 1280px) 100vw, 1280px\" \/>\r\n        \r\n            <div class=\"site-banner-content container\">\r\n                <div class=\"row w-100\">\r\n                    <div class=\"col-md-12\">\r\n                                                        <h1 class=\"hero-title\">F\u00f6rm\u00f6genhetsgr\u00e4ns<\/h1>\r\n\r\n                        <div class=\"inner-content\">\r\n                            <div class=\"acf-innerblocks-container\"><\/div>\r\n                        <\/div>                    <\/div>\r\n                                    <\/div>\r\n            <\/div>\r\n        \r\n        <\/div><\/section>\r\n\t<div class=\"my-3 pb-3 breadcrumb\">\r\n        <div class=\"aioseo-breadcrumbs\"><span class=\"aioseo-breadcrumb\">\n\t<a href=\"https:\/\/www.vaso.fi\/sv\/hur-ansoker-jag-om-en-bostad\/\" title=\"Hur ans\u00f6ker jag om en bostad?\">Hur ans\u00f6ker jag om en bostad?<\/a>\n<\/span><span class=\"aioseo-breadcrumb-separator\">\u203a<\/span><span class=\"aioseo-breadcrumb\">\n\tF\u00f6rm\u00f6genhetsgr\u00e4ns\n<\/span><\/div>\t<\/div>\r\n\n\n\n<p>Du kan f\u00e5 en bostadsr\u00e4ttsbostad fr\u00e5n Vaso om du \u00e4r myndig och inte \u00e4ger en bostad i \u00c5botrakten som motsvarar dina egna behov, eller har tillr\u00e4cklig f\u00f6rm\u00f6genhet f\u00f6r att skaffa en s\u00e5dan. <strong>F\u00f6rm\u00f6genhetsgr\u00e4nsen g\u00e4ller inte 55 \u00e5r fyllda s\u00f6kande eller personer som byter bostadsr\u00e4ttsbostad.<\/strong><\/p>\n\n\n\n<h4 class=\"wp-block-heading\"><strong>F\u00f6rm\u00f6genhetsgr\u00e4nsen fastst\u00e4lls enligt bostad<\/strong><\/h4>\n\n\n\n<p>F\u00f6rm\u00f6genhetsgr\u00e4nsen \u00e4r bostadsspecifik. Om din f\u00f6rm\u00f6genhet \u00f6verskrider gr\u00e4nserna som f\u00f6reskrivs i bostadsr\u00e4ttslagen, \u00e4r vi tvungna att erbjuda bostaden till f\u00f6ljande s\u00f6kande. En s\u00f6kande som \u00f6verskrider f\u00f6rm\u00f6genhetsgr\u00e4nsen kan v\u00e4ljas till innehavare av bostadsr\u00e4tten om det inte finns andra s\u00f6kande till bostaden i fr\u00e5ga.<\/p>\n\n\n\n<h4 class=\"wp-block-heading\"><strong>F\u00f6rm\u00f6genhetsutredningar till Vaso<\/strong><\/h4>\n\n\n\n<p>Innan bostadsr\u00e4ttsavtalet undertecknas kontrollerar vi f\u00f6rm\u00f6genheten hos de personer i \u00e5ldern 18\u201354 \u00e5r som flyttar in i bostaden. Du beh\u00f6ver inte l\u00e4mna in en f\u00f6rm\u00f6genhetsutredning om du har fyllt 55 \u00e5r eller om du ska byta bostad.<br>&nbsp;<br><a>F\u00f6r detta \u00e4ndam\u00e5l ska du l\u00e4mna in din senaste <\/a>f\u00f6rhandsifyllda skattedeklaration samt blanketten Utredning av f\u00f6rm\u00f6genhet (blankett ARA 66). B\u00e5da blanketterna ska l\u00e4mnas in f\u00f6r alla 18 \u00e5r fyllda personer som flyttar in i bostaden till e-postadressen <em><strong>myynti@vaso.fi<\/strong>.&nbsp; <\/em>V\u00e4nligen observera att det ur datas\u00e4kerhetssynvinkel s\u00e4kraste s\u00e4ttet att skicka utredningarna \u00e4r att l\u00e4mna in dem skriftligen till Vasos kontor<\/p>\n\n\n\n<h4 class=\"wp-block-heading\"><strong>Du ska allts\u00e5 l\u00e4mna in f\u00f6ljande uppgifter f\u00f6r alla personer \u00f6ver 18 \u00e5r som flyttar in i bostaden<\/strong><\/h4>\n\n\n\n<ul class=\"wp-block-list\">\n<li>den senaste f\u00f6rhandsifyllda skattedeklarationen f\u00f6r alla personer \u00f6ver 18 \u00e5r som flyttar in i bostaden. De f\u00f6rhandsifyllda skattedeklarationerna f\u00e5r du genom att logga in i tj\u00e4nsten MinSkatt.fi<\/li>\n\n\n\n<li>blanketten Utredning av f\u00f6rm\u00f6genhet ifylld (blankett ARA 66).<\/li>\n\n\n\n<li>om din familj har en \u00e4garbostad beh\u00f6ver vi ett dokument \u00f6ver f\u00f6rs\u00e4ljningen av bostaden, s\u00e5som ett k\u00f6pebrev eller uppdragsavtal. <\/li>\n\n\n\n<li>om din familj har annan f\u00f6rm\u00f6genhet, s\u00e5som till exempel en sommarstugefastighet, andelar i arvtagares fastigheter eller andelar i fastighetssammanslutningar, ska en kopia av beslutet om fastighetsskatt l\u00e4mnas in.<\/li>\n\n\n\n<li>om din familj har aktier, fondinvesteringar e.d, ska utredningar \u00f6ver dessas v\u00e4rde l\u00e4mnas in, till exempel som en sk\u00e4rmdump fr\u00e5n n\u00e4tbanken, d\u00e4r dina aktiers och fonders aktuella v\u00e4rde syns.<\/li>\n\n\n\n<li>beloppet f\u00f6r ett eventuellt (bo)l\u00e5n, till exempel som en sk\u00e4rmdump av kontoutdraget fr\u00e5n n\u00e4tbanken.<\/li>\n<\/ul>\n\n\n\n<div class=\"wp-block-buttons is-layout-flex wp-block-buttons-is-layout-flex\">\n<div class=\"wp-block-button\"><a class=\"wp-block-button__link wp-element-button\" href=\"https:\/\/www.vaso.fi\/wp-content\/uploads\/2024\/04\/utredning-om-formogenhet-for-godkannande-av-bostadsratt-ara66.docx\">ARA form 66<\/a><\/div>\n<\/div>\n\n\n\n<p>Den f\u00f6rhandsifyllda skattedeklarationen f\u00e5r du genom att logga in i tj\u00e4nsten <em><a href=\"https:\/\/www.vero.fi\/sv\/e-tjanster\/minskatt\/\" title=\"MinSkatt.fi\">MinSkatt.fi<\/a><\/em>.<\/p>\n\n\n\n<figure class=\"wp-block-image size-full is-resized\"><img decoding=\"async\" width=\"768\" height=\"662\" src=\"https:\/\/www.vaso.fi\/wp-content\/uploads\/2022\/11\/esitaytetty-veroilmoitus.png\" alt=\"\" class=\"wp-image-3677\" style=\"width:768px;height:662px\" srcset=\"https:\/\/www.vaso.fi\/wp-content\/uploads\/2022\/11\/esitaytetty-veroilmoitus.png 768w, https:\/\/www.vaso.fi\/wp-content\/uploads\/2022\/11\/esitaytetty-veroilmoitus-300x259.png 300w\" sizes=\"(max-width: 768px) 100vw, 768px\" \/><\/figure>\n\n\n\n<div class=\"wp-block-buttons is-layout-flex wp-block-buttons-is-layout-flex\">\n<div class=\"wp-block-button\"><a class=\"wp-block-button__link wp-element-button\" href=\"https:\/\/www.vero.fi\/sv\/e-tjanster\/minskatt\/\"><em>MinSkatt.fi<\/em><\/a><\/div>\n<\/div>\n\n\n\n<figure class=\"wp-block-image size-full is-resized\"><img decoding=\"async\" src=\"https:\/\/www.vaso.fi\/wp-content\/uploads\/2023\/02\/image-2.png\" alt=\"\" class=\"wp-image-5086\" style=\"width:930px;height:689px\"\/><\/figure>\n\n\n\n<figure class=\"wp-block-image size-full is-resized\"><img decoding=\"async\" src=\"https:\/\/www.vaso.fi\/wp-content\/uploads\/2023\/02\/image-1.png\" alt=\"\" class=\"wp-image-5081\" style=\"width:945px;height:618px\"\/><figcaption class=\"wp-element-caption\">Instructions for applying for a pre-completed tax return in MyTax.<\/figcaption><\/figure>\n\n\n\n<h4 class=\"wp-block-heading\"><strong><strong>H\u00e4r \u00e4r n\u00e5gra av de vanligaste fr\u00e5gorna ang\u00e5ende inl\u00e4mnande av f\u00f6rm\u00f6genhetsutredningar till sammanslutningarna, samt Varke:s svar \u00a0\u00a0<\/strong> \u00a0<\/strong><\/h4>\n\n\n\n<h5 class=\"wp-block-heading\"><strong>Bostadsbehov och f\u00f6rm\u00f6genhet<\/strong><\/h5>\n\n\n\n<p>Bostadsr\u00e4ttssammanslutningen utreder din familjs behov av en bostadsr\u00e4ttsbostad innan du kan ing\u00e5 ett bostadsr\u00e4ttsavtal.<\/p>\n\n\n\n<p>Bostadsr\u00e4ttssammanslutningen bed\u00f6mer utifr\u00e5n de bilagor du l\u00e4mnat in om du har r\u00e4tt till en bostad. Behovet av bostad bed\u00f6ms n\u00e4r du godk\u00e4nns som innehavare av bostadsr\u00e4tten. Om du eller n\u00e5gon medflyttande familjemedlem i \u00e5ldern 18\u201354 \u00e5r \u00e4ger en bostad eller har f\u00f6rm\u00f6genhet, kommer detta att beaktas vid bed\u00f6mningen av familjens bostadsbehov.<\/p>\n\n\n\n<h5 class=\"wp-block-heading\"><strong>When is a family not entitled to <strong>N\u00e4r \u00e4r en familj inte ber\u00e4ttigad att g\u00f6ra ett bostadsr\u00e4ttsavtal?<\/strong>enter into a right-of-occupancy agreement?<\/strong><\/h5>\n\n\n\n<ul class=\"wp-block-list\">\n<li>Familjen \u00e4ger en motsvarande bostad<\/li>\n\n\n\n<li>Din familj anses inte ha behov av en bostadsr\u00e4ttsbostad om du eller n\u00e5gon av dina familjemedlemmar i \u00e5ldern 18\u201354 \u00e5r har en \u00e4gobostad p\u00e5 ans\u00f6kningsomr\u00e5det som till sitt l\u00e4ge, sin storlek, sin utrustningsniv\u00e5, sina boendekostnader och sina \u00f6vriga egenskaper rimligt motsvarar bostadsr\u00e4ttsbostaden du ans\u00f6kt om.<\/li>\n<\/ul>\n\n\n\n<h5 class=\"wp-block-heading\"><strong>Familjens f\u00f6rm\u00f6genhet \u00f6verskrider en viss gr\u00e4ns<\/strong><\/h5>\n\n\n\n<p>Familjen anses inte ha behov av en bostadsr\u00e4ttsbostad om familjen har s\u00e5 stor f\u00f6rm\u00f6genhet att man kan finansiera minst 50&nbsp;% av det g\u00e4ngse priset f\u00f6r bostaden man ans\u00f6ker om eller f\u00f6r en motsvarande bostad, eller grundligt renovera sin \u00e4garbostad p\u00e5 ans\u00f6kningsomr\u00e5det s\u00e5 den motsvarar bostaden man ans\u00f6ker om. Bostadsr\u00e4ttssammanslutningen fastst\u00e4ller f\u00f6rm\u00f6genhetsgr\u00e4nsen. Gr\u00e4nsen bed\u00f6ms p\u00e5 basis av den s\u00f6kta bostadens l\u00e4ge.<\/p>\n\n\n\n<p><strong><em>Exempel p\u00e5 bed\u00f6mning av f\u00f6rm\u00f6genhet<\/em><\/strong><\/p>\n\n\n\n<p><em>Familjen Hietanen (Heikki 35 \u00e5r, Anni 32 \u00e5r + tv\u00e5 barn) har ans\u00f6kt om en bostadsr\u00e4ttsbostad p\u00e5 90 m\u00b2 i Helsingfors.<\/em><\/p>\n\n\n\n<p><strong>F\u00f6rm\u00f6genhetsgr\u00e4nsen ber\u00e4knas p\u00e5 f\u00f6ljande s\u00e4tt:<\/strong><\/p>\n\n\n\n<p>90&nbsp;m\u00b2 x 4&nbsp;134 euro = 372&nbsp;060 euro \/ 50&nbsp;% = 186&nbsp;030 euro<\/p>\n\n\n\n<p>Vid ber\u00e4kningen har man anv\u00e4nt priset f\u00f6r en gammal aktiel\u00e4genhet i motsvarande storlek (Statistikcentralen).<\/p>\n\n\n\n<p><strong>Familjens f\u00f6rm\u00f6genhet:<br><\/strong>Familjen Hietanen har en sommarstuga v\u00e4rd 50&nbsp;000 euro och 40&nbsp;000 euro p\u00e5 sitt sparkonto. Den sammanlagda f\u00f6rm\u00f6genheten \u00e4r 90&nbsp;000 euro, dvs. under 186&nbsp;030 euro.<\/p>\n\n\n\n<p>Familjen \u00e4r ber\u00e4ttigad till en bostadsr\u00e4ttsbostad.<\/p>\n","protected":false},"excerpt":{"rendered":"<p>Du kan f\u00e5 en bostadsr\u00e4ttsbostad fr\u00e5n Vaso om du \u00e4r myndig och inte \u00e4ger en bostad i \u00c5botrakten som motsvarar dina egna behov, eller har tillr\u00e4cklig f\u00f6rm\u00f6genhet f\u00f6r att skaffa en s\u00e5dan. F\u00f6rm\u00f6genhetsgr\u00e4nsen g\u00e4ller inte 55 \u00e5r fyllda s\u00f6kande eller personer som byter bostadsr\u00e4ttsbostad. F\u00f6rm\u00f6genhetsgr\u00e4nsen fastst\u00e4lls enligt bostad F\u00f6rm\u00f6genhetsgr\u00e4nsen \u00e4r bostadsspecifik. Om din f\u00f6rm\u00f6genhet \u00f6verskrider [&hellip;]<\/p>\n","protected":false},"author":1,"featured_media":4120,"parent":4196,"menu_order":3,"comment_status":"closed","ping_status":"closed","template":"","meta":{"_acf_changed":false,"footnotes":""},"class_list":["post-8422","page","type-page","status-publish","has-post-thumbnail","hentry"],"acf":[],"aioseo_notices":[],"publishpress_future_action":{"enabled":false,"date":"2026-04-26 07:33:33","action":"change-status","newStatus":"draft","terms":[],"taxonomy":"translation_priority","extraData":[]},"publishpress_future_workflow_manual_trigger":{"enabledWorkflows":[]},"_links":{"self":[{"href":"https:\/\/www.vaso.fi\/sv\/wp-json\/wp\/v2\/pages\/8422","targetHints":{"allow":["GET"]}}],"collection":[{"href":"https:\/\/www.vaso.fi\/sv\/wp-json\/wp\/v2\/pages"}],"about":[{"href":"https:\/\/www.vaso.fi\/sv\/wp-json\/wp\/v2\/types\/page"}],"author":[{"embeddable":true,"href":"https:\/\/www.vaso.fi\/sv\/wp-json\/wp\/v2\/users\/1"}],"replies":[{"embeddable":true,"href":"https:\/\/www.vaso.fi\/sv\/wp-json\/wp\/v2\/comments?post=8422"}],"version-history":[{"count":0,"href":"https:\/\/www.vaso.fi\/sv\/wp-json\/wp\/v2\/pages\/8422\/revisions"}],"up":[{"embeddable":true,"href":"https:\/\/www.vaso.fi\/sv\/wp-json\/wp\/v2\/pages\/4196"}],"wp:featuredmedia":[{"embeddable":true,"href":"https:\/\/www.vaso.fi\/sv\/wp-json\/wp\/v2\/media\/4120"}],"wp:attachment":[{"href":"https:\/\/www.vaso.fi\/sv\/wp-json\/wp\/v2\/media?parent=8422"}],"curies":[{"name":"wp","href":"https:\/\/api.w.org\/{rel}","templated":true}]}}