{"id":8437,"date":"2022-11-10T12:50:25","date_gmt":"2022-11-10T10:50:25","guid":{"rendered":"https:\/\/www.vaso.fi\/?page_id=8437"},"modified":"2023-09-12T15:36:50","modified_gmt":"2023-09-12T12:36:50","slug":"uppsagning-av-bostaden","status":"publish","type":"page","link":"https:\/\/www.vaso.fi\/sv\/uppsagning-av-bostaden\/","title":{"rendered":"Upps\u00e4gning av bostaden"},"content":{"rendered":"\r\n<section class=\"hero site-banner banner-bg-image section-default left alignfull image\">\r\n\r\n    <div class=\"site-banner-bg section-bg-image \" >\r\n\r\n        <img decoding=\"async\" width=\"1940\" height=\"1280\" src=\"https:\/\/www.vaso.fi\/wp-content\/uploads\/2023\/02\/asunnon-irtisanominen.jpg\" class=\"attachment-1536\u00d71536 size-1536\u00d71536\" alt=\"\" srcset=\"https:\/\/www.vaso.fi\/wp-content\/uploads\/2023\/02\/asunnon-irtisanominen.jpg 1940w, https:\/\/www.vaso.fi\/wp-content\/uploads\/2023\/02\/asunnon-irtisanominen-300x198.jpg 300w, https:\/\/www.vaso.fi\/wp-content\/uploads\/2023\/02\/asunnon-irtisanominen-1024x676.jpg 1024w, https:\/\/www.vaso.fi\/wp-content\/uploads\/2023\/02\/asunnon-irtisanominen-768x507.jpg 768w, https:\/\/www.vaso.fi\/wp-content\/uploads\/2023\/02\/asunnon-irtisanominen-1536x1013.jpg 1536w\" sizes=\"(max-width: 1940px) 100vw, 1940px\" \/>\r\n        \r\n            <div class=\"site-banner-content container\">\r\n                <div class=\"row w-100\">\r\n                    <div class=\"col-md-12\">\r\n                                                        <h1 class=\"hero-title\">Upps\u00e4gning av bostaden<\/h1>\r\n\r\n                        <div class=\"inner-content\">\r\n                            <div class=\"acf-innerblocks-container\"><\/div>\r\n                        <\/div>                    <\/div>\r\n                                    <\/div>\r\n            <\/div>\r\n        \r\n        <\/div><\/section>\r\n\t<div class=\"my-3 pb-3 breadcrumb\">\r\n        <div class=\"aioseo-breadcrumbs\"><span class=\"aioseo-breadcrumb\">\n\tUpps\u00e4gning av bostaden\n<\/span><\/div>\t<\/div>\r\n\n\n\n<p>S\u00e5 h\u00e4r s\u00e4ger du upp en Vaso-bostad.<\/p>\n\n\n\r\n<div  class=\"accordion default\">\r\n\r\n    <div class=\"acf-innerblocks-container\">\n\r\n<div class=\"accordion-item  \">\r\n\r\n    <h2  class=\"accordion-header\">\r\n        <button id=\"heading-1574987733\" class=\"accordion-button  h3\" type=\"button\" data-bs-toggle=\"collapse\" data-bs-target=\"#collapse-1574987733\" aria-expanded=\"false\" aria-controls=\"collapse-1574987733\">\r\n                        1. S\u00e4g upp bostaden och anm\u00e4l samtidigt om eventuella \u00e4ndringsarbeten        <\/button>\r\n    <\/h2>\r\n    <div id=\"collapse-1574987733\" class=\"accordion-collapse collapse  show \" aria-labelledby=\"heading-1574987733\">\r\n        <div class=\"accordion-body\">\r\n            <div class=\"acf-innerblocks-container\">\n\n<p>Upps\u00e4gningstiden f\u00f6r en bostadsr\u00e4ttsbostad \u00e4r tre m\u00e5nader r\u00e4knat fr\u00e5n den dag d\u00e5 vi tar emot din upps\u00e4gningsanm\u00e4lan. V\u00e4nligen notera att om avtalet \u00e4r i tv\u00e5 personers namn, ska b\u00e5da s\u00e4ga upp avtalet med en egen anm\u00e4lan. Upps\u00e4gningstiden (3 m\u00e5n) r\u00e4knas fr\u00e5n dagen d\u00e5 den senare anm\u00e4lan inkommit. Bostadsr\u00e4ttsavgiften och garantiavgiften \u00e5terbetalas inom tv\u00e5 veckor efter att avtalet l\u00f6pt ut. Upps\u00e4gningen av bostaden ska g\u00f6ras skriftligen antingen p\u00e5 webben eller med en blankett. <strong>Upps\u00e4gningen \u00e4r bindande och kan inte \u00e5tertas. <\/strong>Vi b\u00f6rjar leta efter en ny boende s\u00e5 fort anm\u00e4lan om upps\u00e4gning har anl\u00e4nt. Den boende visar bostaden f\u00f6r intresserade s\u00f6kande vid en tidpunkt som passar hen sj\u00e4lv. Vaso l\u00e4mnar ut den boendes kontaktinformation till intresserade s\u00f6kande. Om du inte vill att din kontaktinformation ska l\u00e4mnas ut och inte vill visa bostaden sj\u00e4lv f\u00f6r de s\u00f6kande, kommer en representant f\u00f6r Vaso och visar bostaden vid en p\u00e5 f\u00f6rhand avtalad tidpunkt. V\u00e4nligen meddela om saken <a href=\"mailto:myynti@vaso.fi\">myynti@vaso.fi<\/a><\/p>\n\n\n\n<p>D\u00f6dsbon s\u00e4ger alltid upp bostaden skriftligt p\u00e5 Vasos kontor. Alla del\u00e4gare i d\u00f6dsboet ska underteckna upps\u00e4gningsblanketten f\u00f6r bostaden, annars kan upps\u00e4gningen inte tas emot. Upps\u00e4gningstiden f\u00f6r ett d\u00f6dsbo \u00e4r tre m\u00e5nader. <a href=\"https:\/\/www.vaso.fi\/wp-content\/uploads\/2023\/03\/irtisanominen-kuolinpesa-2022-pdf.pdf\" target=\"_blank\" rel=\"noreferrer noopener\">H\u00e4r finns ytterligare anvisningar f\u00f6r upps\u00e4gning av en bostad.<\/a><a href=\"https:\/\/www.vaso.fi\/wp-content\/uploads\/2023\/03\/irtisanominen-kuolinpesa-2022-pdf.pdf\" target=\"_blank\" rel=\"noopener\" title=\"\">.<\/a><\/p>\n\n\n\n<p>Om en intressebevakare har utsetts f\u00f6r den boende kan upps\u00e4gningen inte g\u00f6ras elektroniskt, utan intressebevakaren ska kontakta Vasos kundservice tfn 02-2747000 eller <a href=\"mailto:myynti@vaso.fi\">myynti@vaso.fi<\/a><\/p>\n\n\n\n<p style=\"text-decoration:underline\">Du kan s\u00e4ga upp bostaden p\u00e5 tre olika s\u00e4tt:<\/p>\n\n\n\n<div class=\"wp-block-group\"><div class=\"wp-block-group__inner-container is-layout-constrained wp-block-group-is-layout-constrained\">\n<p class=\"has-medium-font-size\"><strong>1. P\u00e5 webben (undertecknas med bankkoder eller mobilcertifikat):<\/strong><\/p>\n<\/div><\/div>\n\n\n\n<div class=\"wp-block-group\"><div class=\"wp-block-group__inner-container is-layout-constrained wp-block-group-is-layout-constrained\">\n<div class=\"wp-block-buttons is-content-justification-left is-layout-flex wp-container-core-buttons-is-layout-cf25e3cc wp-block-buttons-is-layout-flex\">\n<div class=\"wp-block-button has-custom-font-size has-medium-font-size\"><a class=\"wp-block-button__link wp-element-button\" href=\"https:\/\/portaali.tampuuri.fi\/vaso\/vuokrasopimuksenirtisanominen\" target=\"_blank\" rel=\"noreferrer noopener\">Att s\u00e4ga upp avtalet<\/a><\/div>\n<\/div>\n<\/div><\/div>\n\n\n\n<p><\/p>\n\n\n\n<p class=\"has-medium-font-size\"><strong>2. Per post: <\/strong><\/p>\n\n\n\n<div class=\"wp-block-buttons is-layout-flex wp-block-buttons-is-layout-flex\">\n<div class=\"wp-block-button has-custom-font-size has-medium-font-size\"><a class=\"wp-block-button__link wp-element-button\" href=\"https:\/\/www.vaso.fi\/wp-content\/uploads\/2022\/11\/irtisanomislomake-vaso.pdf\" target=\"_blank\" rel=\"noreferrer noopener\">Skriv ut anm\u00e4lan om upps\u00e4gning<\/a><\/div>\n<\/div>\n\n\n\n<p><\/p>\n\n\n\n<p class=\"has-medium-font-size\"><strong>3. P\u00e5 Vasos kontor, p\u00e5 adressen Fredsgatan 4, \u00c5bo.<\/strong><\/p>\n\n\n\n<p style=\"text-decoration:underline\">V\u00e4nligen notera att upps\u00e4gningstiden b\u00f6rjar fr.o.m. den dag d\u00e5 vi har tagit emot blanketten p\u00e5 Vasos kontor.<\/p>\n\n\n\n<p>\u00c4ndringsarbetena ers\u00e4tts p\u00e5 basis av betalningskvittona, som du har l\u00e4mnat in till disponenten efter att \u00e4ndringsarbetet f\u00e4rdigst\u00e4llts. Kvitton som l\u00e4mnats in i efterhand godk\u00e4nns inte.<\/p>\n\n<\/div>        <\/div>\r\n\r\n\r\n    <\/div>\r\n<\/div>\n\n\r\n<div class=\"accordion-item  \">\r\n\r\n    <h2  class=\"accordion-header\">\r\n        <button id=\"heading-1351803826\" class=\"accordion-button  collapsed h3\" type=\"button\" data-bs-toggle=\"collapse\" data-bs-target=\"#collapse-1351803826\" aria-expanded=\"false\" aria-controls=\"collapse-1351803826\">\r\n                        2. Kom ih\u00e5g hemf\u00f6rs\u00e4kringen och elavtalet        <\/button>\r\n    <\/h2>\r\n    <div id=\"collapse-1351803826\" class=\"accordion-collapse collapse  \" aria-labelledby=\"heading-1351803826\">\r\n        <div class=\"accordion-body\">\r\n            <div class=\"acf-innerblocks-container\">\n\n<p>S\u00e4g upp ditt elavtal och din hemf\u00f6rs\u00e4kring s\u00e5 att de \u00e4r giltiga under hela din upps\u00e4gningstid (tre m\u00e5nader) eller tills du flyttar bort fr\u00e5n bostaden. Kom ih\u00e5g att s\u00e4ga upp de hyresavtal f\u00f6r bilplats som du gjort via eParking-appen.<\/p>\n\n<\/div>        <\/div>\r\n\r\n\r\n    <\/div>\r\n<\/div>\n\n\r\n<div class=\"accordion-item  \">\r\n\r\n    <h2  class=\"accordion-header\">\r\n        <button id=\"heading-263499302\" class=\"accordion-button  collapsed h3\" type=\"button\" data-bs-toggle=\"collapse\" data-bs-target=\"#collapse-263499302\" aria-expanded=\"false\" aria-controls=\"collapse-263499302\">\r\n                        3. Bostadsr\u00e4ttsavtal som s\u00e4kerhet f\u00f6r l\u00e5n        <\/button>\r\n    <\/h2>\r\n    <div id=\"collapse-263499302\" class=\"accordion-collapse collapse  \" aria-labelledby=\"heading-263499302\">\r\n        <div class=\"accordion-body\">\r\n            <div class=\"acf-innerblocks-container\">\n\n<p>Om ditt bostadsr\u00e4ttsavtal finns i banken som s\u00e4kerhet f\u00f6r ett l\u00e5n eller hos n\u00e5gon annan panthavare, fyll i panthavarens uppgifter i anm\u00e4lan om upps\u00e4gning.<\/p>\n\n<\/div>        <\/div>\r\n\r\n\r\n    <\/div>\r\n<\/div>\n\n\r\n<div class=\"accordion-item  \">\r\n\r\n    <h2  class=\"accordion-header\">\r\n        <button id=\"heading-442778859\" class=\"accordion-button  collapsed h3\" type=\"button\" data-bs-toggle=\"collapse\" data-bs-target=\"#collapse-442778859\" aria-expanded=\"false\" aria-controls=\"collapse-442778859\">\r\n                        4. Returnera bredbandsmodemet        <\/button>\r\n    <\/h2>\r\n    <div id=\"collapse-442778859\" class=\"accordion-collapse collapse  \" aria-labelledby=\"heading-442778859\">\r\n        <div class=\"accordion-body\">\r\n            <div class=\"acf-innerblocks-container\">\n\n<p>Om du har DNA:s avgiftsfria hyresmodem i bruk, ska du returnera det till DNA-butiken senast p\u00e5 flyttningsdagen. Om modemet blir kvar i din bostad, \u00e4r vi tvungna att debitera 50 euro av din garantiavgift.<\/p>\n\n<\/div>        <\/div>\r\n\r\n\r\n    <\/div>\r\n<\/div>\n\n\r\n<div class=\"accordion-item  \">\r\n\r\n    <h2  class=\"accordion-header\">\r\n        <button id=\"heading-1058614508\" class=\"accordion-button  collapsed h3\" type=\"button\" data-bs-toggle=\"collapse\" data-bs-target=\"#collapse-1058614508\" aria-expanded=\"false\" aria-controls=\"collapse-1058614508\">\r\n                        5. G\u00f6r flyttningsanm\u00e4lan        <\/button>\r\n    <\/h2>\r\n    <div id=\"collapse-1058614508\" class=\"accordion-collapse collapse  \" aria-labelledby=\"heading-1058614508\">\r\n        <div class=\"accordion-body\">\r\n            <div class=\"acf-innerblocks-container\">\n\n<p>G\u00f6r flyttningsanm\u00e4lan till posten, servicebolaget i din fastighet samt till Myndigheten f\u00f6r digitalisering och befolkningsdata.<\/p>\n\n<\/div>        <\/div>\r\n\r\n\r\n    <\/div>\r\n<\/div>\n\n\r\n<div class=\"accordion-item  \">\r\n\r\n    <h2  class=\"accordion-header\">\r\n        <button id=\"heading-1712485750\" class=\"accordion-button  collapsed h3\" type=\"button\" data-bs-toggle=\"collapse\" data-bs-target=\"#collapse-1712485750\" aria-expanded=\"false\" aria-controls=\"collapse-1712485750\">\r\n                        6. Anteckna flyttningsdagen i kalendern        <\/button>\r\n    <\/h2>\r\n    <div id=\"collapse-1712485750\" class=\"accordion-collapse collapse  \" aria-labelledby=\"heading-1712485750\">\r\n        <div class=\"accordion-body\">\r\n            <div class=\"acf-innerblocks-container\">\n\n<p>Din flyttningsdag \u00e4r senast den sista dagen ditt avtal \u00e4r i kraft. Om du beh\u00f6ver en flyttbil, boka den i god tid f\u00f6re flyttningsdagen.&nbsp;<\/p>\n\n<\/div>        <\/div>\r\n\r\n\r\n    <\/div>\r\n<\/div>\n\n\r\n<div class=\"accordion-item  \">\r\n\r\n    <h2  class=\"accordion-header\">\r\n        <button id=\"heading-917968998\" class=\"accordion-button  collapsed h3\" type=\"button\" data-bs-toggle=\"collapse\" data-bs-target=\"#collapse-917968998\" aria-expanded=\"false\" aria-controls=\"collapse-917968998\">\r\n                        7. \u00d6verl\u00e5telse av bostaden        <\/button>\r\n    <\/h2>\r\n    <div id=\"collapse-917968998\" class=\"accordion-collapse collapse  \" aria-labelledby=\"heading-917968998\">\r\n        <div class=\"accordion-body\">\r\n            <div class=\"acf-innerblocks-container\">\n\n<p class=\"has-medium-font-size\"><strong>Granskning av bostaden<\/strong><\/p>\n\n\n\n<p>Disponenten utf\u00f6r en granskning av bostaden n\u00e4r du har \u00e5terl\u00e4mnat nycklarna till Vasos kontor. Disponenten kontaktar dig om granskningen av bostaden g\u00f6rs innan du flyttat bort. Den boende beh\u00f6ver inte vara med under granskningen.<\/p>\n\n\n\n<p class=\"has-medium-font-size\"><strong>Slutst\u00e4dning av bostaden<\/strong><\/p>\n\n\n\n<p>Den boende ansvarar f\u00f6r slutst\u00e4dningen av bostaden. L\u00e4mna bostaden i ett s\u00e5dant skick att det \u00e4r trevligt f\u00f6r f\u00f6ljande boende att flytta in.<\/p>\n\n\n\n<p>N\u00e4r du flyttar bort ska du s\u00e4kerst\u00e4lla att din bostad \u00e4r korrekt st\u00e4dad och att du har f\u00f6rt bort alla dina egna saker (beakta ocks\u00e5 f\u00f6rr\u00e5d, cykelf\u00f6rr\u00e5d, balkong\/bakg\u00e5rd).<\/p>\n\n\n\n<p>Slitage i bostaden till f\u00f6ljd av normalt boende h\u00f6r till livet och Vaso ansvarar f\u00f6r reparation av detta. Om den boende avsev\u00e4rt har f\u00f6rsummat att sk\u00f6ta bostaden eller om slutst\u00e4dningen inte gjorts korrekt, debitetar vi den boende som flyttar ut i enlighet med priserna i boendefaktureringen.<\/p>\n\n\n\n<p>Om slutst\u00e4dningen \u00e4r bristf\u00e4llig eller om bostadens skick inte \u00e4r som sig b\u00f6r, drar vi av eventuella st\u00e4d- och renoveringskostnader fr\u00e5n garantiavgiften.<\/p>\n\n\n\n<p>H\u00e4r finns en mer detaljerad minneslista f\u00f6r den som flyttar bort. Ladda ner prislistan f\u00f6r boendefakturering<\/p>\n\n\n\n<p style=\"text-decoration:underline\">Normalt boendeslitage \u00e4r till exempel inte:<\/p>\n\n\n\n<ul class=\"wp-block-list\">\n<li>skador som orsakats av s\u00e4llskapsdjur<\/li>\n\n\n\n<li>ritningar p\u00e5 v\u00e4ggar och v\u00e4rmeelement<\/li>\n\n\n\n<li>revor i tapeterna<\/li>\n\n\n\n<li>h\u00e5l i melland\u00f6rrar<\/li>\n\n\n\n<li>sprickor i handfat<\/li>\n<\/ul>\n\n\n\n<p>V\u00e4nligen f\u00e4st s\u00e4rskild uppm\u00e4rksamhet vid:<\/p>\n\n\n\n<ul class=\"wp-block-list\">\n<li>proppningen av inlopps- och utloppsr\u00f6ret p\u00e5 diskmaskinen<\/li>\n\n\n\n<li>takdosorna ska l\u00e4ggas\/l\u00e4mnas p\u00e5 plats<\/li>\n\n\n\n<li>reng\u00f6ring bakom spisen<\/li>\n\n\n\n<li>reng\u00f6ring av fettfiltret i k\u00f6ksfl\u00e4kten<\/li>\n\n\n\n<li>reng\u00f6ring av golvbrunnar<\/li>\n\n\n\n<li>f\u00f6nsternyckeln ska l\u00e4mnas kvar i bostaden<\/li>\n<\/ul>\n\n\n\n<p><strong>\u00c5terl\u00e4mning av nycklar<\/strong><\/p>\n\n\n\n<p>Returnera alla nycklar till Vasos kontor senast d\u00e5 boende- och besittningsr\u00e4tten till din bostad har upph\u00f6rt eller senast klockan 12 f\u00f6ljande vardag.<\/p>\n\n\n\n<p><a>Om alla nycklar inte returneras till Vaso, debiteras den bortflyttande inv\u00e5naren priset f\u00f6r series\u00e4ttning av l\u00e5sen<\/a>. Kom ih\u00e5g att returnera ocks\u00e5 nyckeln till bilplatsens v\u00e4rmestolpe, nyckeln och fj\u00e4rrkontrollen till en eventuell bilhall samt nycklarna till s\u00e4kerhetsl\u00e5set. Returnera nycklarna d\u00e5 Vasos kontor \u00e4r \u00f6ppet, s\u00e5 du f\u00e5r ett kvitto \u00f6ver \u00e5terl\u00e4mnandet av nycklarna och vi kan s\u00e4kerst\u00e4lla ett s\u00e4kert \u00e5terl\u00e4mnande.<\/p>\n\n<\/div>        <\/div>\r\n\r\n\r\n    <\/div>\r\n<\/div>\n\n\r\n<div class=\"accordion-item  \">\r\n\r\n    <h2  class=\"accordion-header\">\r\n        <button id=\"heading-1608667639\" class=\"accordion-button  collapsed h3\" type=\"button\" data-bs-toggle=\"collapse\" data-bs-target=\"#collapse-1608667639\" aria-expanded=\"false\" aria-controls=\"collapse-1608667639\">\r\n                        8. \u00c5terbetalning av bostadsr\u00e4ttsavgiften        <\/button>\r\n    <\/h2>\r\n    <div id=\"collapse-1608667639\" class=\"accordion-collapse collapse  \" aria-labelledby=\"heading-1608667639\">\r\n        <div class=\"accordion-body\">\r\n            <div class=\"acf-innerblocks-container\">\n\n<p>Bostadsr\u00e4tts- och garantiavgiften \u00e5terbetalas till dig d\u00e5 boende- och besittningsr\u00e4tten l\u00f6pt ut. Bostadsr\u00e4ttsavgiften finns p\u00e5 kundens konto eller, vid pants\u00e4ttning, p\u00e5 bankens utredningskonto inom ungef\u00e4r tv\u00e5 veckor efter att besittningstiden l\u00f6pt ut. Vi kontrollerar det slutliga beloppet f\u00f6r bostadsr\u00e4ttsavgiften senast i slutet av upps\u00e4gningstiden \u2013 du f\u00e5r alltid minst den summa du investerat tillbaka. Villkoret f\u00f6r \u00e5terbetalningen \u00e4r att alla bostadens nycklar har \u00e5terl\u00e4mnats till Vaso och bostaden \u00e4r slutgranskad.<\/p>\n\n<\/div>        <\/div>\r\n\r\n\r\n    <\/div>\r\n<\/div>\n<\/div>\r\n<\/div>","protected":false},"excerpt":{"rendered":"<p>S\u00e5 h\u00e4r s\u00e4ger du upp en Vaso-bostad.<\/p>\n","protected":false},"author":1,"featured_media":6038,"parent":0,"menu_order":3,"comment_status":"closed","ping_status":"closed","template":"","meta":{"_acf_changed":false,"footnotes":""},"class_list":["post-8437","page","type-page","status-publish","has-post-thumbnail","hentry"],"acf":[],"aioseo_notices":[],"publishpress_future_action":{"enabled":false,"date":"2026-04-26 08:35:55","action":"change-status","newStatus":"draft","terms":[],"taxonomy":"translation_priority","extraData":[]},"publishpress_future_workflow_manual_trigger":{"enabledWorkflows":[]},"_links":{"self":[{"href":"https:\/\/www.vaso.fi\/sv\/wp-json\/wp\/v2\/pages\/8437","targetHints":{"allow":["GET"]}}],"collection":[{"href":"https:\/\/www.vaso.fi\/sv\/wp-json\/wp\/v2\/pages"}],"about":[{"href":"https:\/\/www.vaso.fi\/sv\/wp-json\/wp\/v2\/types\/page"}],"author":[{"embeddable":true,"href":"https:\/\/www.vaso.fi\/sv\/wp-json\/wp\/v2\/users\/1"}],"replies":[{"embeddable":true,"href":"https:\/\/www.vaso.fi\/sv\/wp-json\/wp\/v2\/comments?post=8437"}],"version-history":[{"count":0,"href":"https:\/\/www.vaso.fi\/sv\/wp-json\/wp\/v2\/pages\/8437\/revisions"}],"wp:featuredmedia":[{"embeddable":true,"href":"https:\/\/www.vaso.fi\/sv\/wp-json\/wp\/v2\/media\/6038"}],"wp:attachment":[{"href":"https:\/\/www.vaso.fi\/sv\/wp-json\/wp\/v2\/media?parent=8437"}],"curies":[{"name":"wp","href":"https:\/\/api.w.org\/{rel}","templated":true}]}}