{"id":8451,"date":"2022-11-09T09:56:49","date_gmt":"2022-11-09T07:56:49","guid":{"rendered":"https:\/\/www.vaso.fi\/?page_id=8451"},"modified":"2023-09-12T15:39:03","modified_gmt":"2023-09-12T12:39:03","slug":"parkering-vid-fastigheterna","status":"publish","type":"page","link":"https:\/\/www.vaso.fi\/sv\/parkering-vid-fastigheterna\/","title":{"rendered":"Parkering vid fastigheterna"},"content":{"rendered":"\r\n<section class=\"hero site-banner banner-bg-image section-default left alignfull image\">\r\n\r\n    <div class=\"site-banner-bg section-bg-image \" >\r\n\r\n        <img decoding=\"async\" width=\"1600\" height=\"803\" src=\"https:\/\/www.vaso.fi\/wp-content\/uploads\/2023\/02\/pysakointi-vason-kiinteistossa.jpg\" class=\"attachment-1536\u00d71536 size-1536\u00d71536\" alt=\"\" srcset=\"https:\/\/www.vaso.fi\/wp-content\/uploads\/2023\/02\/pysakointi-vason-kiinteistossa.jpg 1600w, https:\/\/www.vaso.fi\/wp-content\/uploads\/2023\/02\/pysakointi-vason-kiinteistossa-300x151.jpg 300w, https:\/\/www.vaso.fi\/wp-content\/uploads\/2023\/02\/pysakointi-vason-kiinteistossa-1024x514.jpg 1024w, https:\/\/www.vaso.fi\/wp-content\/uploads\/2023\/02\/pysakointi-vason-kiinteistossa-768x385.jpg 768w, https:\/\/www.vaso.fi\/wp-content\/uploads\/2023\/02\/pysakointi-vason-kiinteistossa-1536x771.jpg 1536w\" sizes=\"(max-width: 1600px) 100vw, 1600px\" \/>\r\n        \r\n            <div class=\"site-banner-content container\">\r\n                <div class=\"row w-100\">\r\n                    <div class=\"col-md-12\">\r\n                                                        <h1 class=\"hero-title\">Parkering vid fastigheterna<\/h1>\r\n\r\n                        <div class=\"inner-content\">\r\n                            <div class=\"acf-innerblocks-container\"><\/div>\r\n                        <\/div>                    <\/div>\r\n                                    <\/div>\r\n            <\/div>\r\n        \r\n        <\/div><\/section>\r\n\t<div class=\"my-3 pb-3 breadcrumb\">\r\n        <div class=\"aioseo-breadcrumbs\"><span class=\"aioseo-breadcrumb\">\n\tParkering vid fastigheterna\n<\/span><\/div>\t<\/div>\r\n\n\n\n<p>Vid varje Vaso-fastighet finns det ett parkeringsomr\u00e5de som \u00e4r avsett f\u00f6r de boende. Det f\u00f6rekommer skillnader mellan fastigheterna i priss\u00e4ttningen och reserveringen av parkeringsplatser. N\u00e4rmare uppgifter om din egen fastighet f\u00e5r du av din disponent.<\/p>\n\n\n\n<p>Det \u00e4r till\u00e5tet att parkera endast p\u00e5 omr\u00e5den som anvisats f\u00f6r detta \u00e4ndam\u00e5l och parkeringsomr\u00e5dena \u00e4r avsedda f\u00f6r fordon som anv\u00e4nds av de boende. Fordon som \u00f6vergivits eller tagits ur bruk, delar av dem eller husvagnar ska inte f\u00f6rvaras p\u00e5 fastighetens omr\u00e5de. \u00c4garen till skrotfordon ansvarar f\u00f6r kostnaderna f\u00f6r bortforslingen.<\/p>\n\n\n\n<p>V\u00e4nligen notera att de anvisade g\u00e4stplatserna \u00e4r avsedda f\u00f6r kortvarig parkering f\u00f6r g\u00e4ster och ska d\u00e4rmed inte anv\u00e4ndas av dem som bor i fastigheten.<\/p>\n\n\n\n<h2 class=\"wp-block-heading\">eParking<\/h2>\n\n\n\n<p>I Vasos nya och renoverade fastigheter sker reservering av parkeringsplats, hantering av v\u00e4rmestolpen samt betalning fr\u00e5n och med 2019 via <strong>eParking-applikationen<\/strong>, d\u00e4r den boende sj\u00e4lv reserverar och s\u00e4ger upp sin egen parkeringsplats. Alla eParking-platser \u00e4r avgiftsbelagda och avgiften fastst\u00e4lls enligt typen av parkeringsplats. Elen fr\u00e5n stolpen faktureras enligt f\u00f6rbrukning. Det \u00e4r m\u00f6jligt att ladda elbilar i alla fastigheter d\u00e4r man anv\u00e4nder eParking, eftersom man i dessa fastigheter har installerat n\u00f6dv\u00e4ndig utrustning f\u00f6r detta \u00e4ndam\u00e5l.&nbsp;<\/p>\n\n\n\n<h5 class=\"wp-block-heading\"><strong>eParking anv\u00e4nds i f\u00f6ljande fastigheter:<\/strong><\/h5>\n\n\n\n<ul class=\"wp-block-list\">\n<li>Ahterikatu 10, p\u00e5 adressen <em>Ahterikatu 10, \u00c5bo<\/em><\/li>\n\n\n\n<li>Kankaristonrivi, p\u00e5 adressen <em>Kuoppam\u00e4enkuja 3, \u00c5bo<\/em><\/li>\n\n\n\n<li>Kappakuja, p\u00e5 adressen <em>Kappakuja 1, \u00c5bo<\/em><\/li>\n\n\n\n<li>Jokihelmi, p\u00e5 adressen <em>Karjatie 12, Lundo<\/em><\/li>\n\n\n\n<li>Kartanonpuisto, p\u00e5 adressen <em>Kartanontie 5b, S:t Karins<\/em><\/li>\n\n\n\n<li>Keijulinna I &amp; II, p\u00e5 adressen <em>Linnavuorenkatu 9 \/ Keijunkuja 1, N\u00e5dendal<\/em><\/li>\n\n\n\n<li>Kes\u00e4pouta, p\u00e5 adressen <em>Vesalankuja 8, \u00c5bo<\/em><\/li>\n\n\n\n<li>Laitainen, p\u00e5 adressen <em>Laitainen 1, \u00c5bo<\/em><\/li>\n\n\n\n<li>Lehdokki, p\u00e5 adressen <em>Hyv\u00e4ttyl\u00e4ntie 16, Lundo<\/em><\/li>\n\n\n\n<li>Melodia, p\u00e5 adressen <em>Tornikatu 15, Reso<\/em><\/li>\n\n\n\n<li>Myllymatinsato, p\u00e5 adressen <em>Paavinkatu 25, \u00c5bo<\/em><\/li>\n\n\n\n<li>Pihapolku, p\u00e5 adressen <em>Kotikoivunkatu 4, \u00c5bo<\/em><\/li>\n\n\n\n<li>Prinssi, p\u00e5 adressen <em>M\u00e4kil\u00e4katu 3 &amp; 8, S:t Karins<\/em><\/li>\n\n\n\n<li>Rauninaukio, p\u00e5 adressen <em>Rauninaukio 2, \u00c5bo<\/em><\/li>\n\n\n\n<li>Reelinkikatu 5, p\u00e5 adressen <em>Reelinkikatu 5, \u00c5bo<\/em><\/li>\n\n\n\n<li>Ruustinna, p\u00e5 adressen <em>Kirkkov\u00e4\u00e4rtinkuja 1b, Reso<\/em><\/li>\n\n\n\n<li>Sinipiianrivi, p\u00e5 adressen <em>Linnavuorenkatu 14, N\u00e5dendal<\/em><\/li>\n\n\n\n<li>Villa Gardberg, p\u00e5 adressen <em>K\u00e4rs\u00e4m\u00e4entie 68c, \u00c5bo<\/em><\/li>\n<\/ul>\n\n\n\n<p>I dessa fastigheter sk\u00f6ts reservering av parkeringsplats, hantering av uppv\u00e4rmingsstolpen samt betalning via eParking-appen.<br>Alla eParking-platser \u00e4r avgiftsbelagda och avgiften fastst\u00e4lls enligt typen av parkeringsplats. Elen faktureras enligt f\u00f6rbrukning.<br>Den boende ska sj\u00e4lv s\u00e4ga upp ett bilplatsavtal som gjorts via eParking och upps\u00e4gningstiden \u00e4r en kalenderm\u00e5nad.<\/p>\n\n\n\n<p>Det \u00e4r m\u00f6jligt att ladda elbilar i alla fastigheter d\u00e4r man anv\u00e4nder eParking, eftersom man i dessa fastigheter har installerat n\u00f6dv\u00e4ndig utrustning f\u00f6r detta \u00e4ndam\u00e5l.&nbsp;Det \u00e4r str\u00e4ngt f\u00f6rbjudet att ladda en hybrid eller elbil vid en vanlig v\u00e4rmestolpe.&nbsp;<\/p>\n\n\n\n<div class=\"wp-block-buttons is-layout-flex wp-block-buttons-is-layout-flex\">\n<div class=\"wp-block-button\"><a class=\"wp-block-button__link wp-element-button\" href=\"https:\/\/www.vaso.fi\/wp-content\/uploads\/2022\/11\/asukkaalle-eparking-ohjeet-kayttajalle-2020.pdf\" target=\"_blank\" rel=\"noreferrer noopener\">Bruksanvisning f\u00f6r eParking-applikationen<\/a><\/div>\n\n\n\n<div class=\"wp-block-button\"><a class=\"wp-block-button__link wp-element-button\" href=\"https:\/\/eparking.fi\/fi\" target=\"_blank\" rel=\"noreferrer noopener\">eParking<\/a><\/div>\n<\/div>\n\n\n\n<h2 class=\"wp-block-heading\">Parkering och k\u00f6rning p\u00e5 g\u00e5rdsomr\u00e5dena<\/h2>\n\n\n\n<p>Parkering av motorfordon p\u00e5 g\u00e5rden eller p\u00e5 r\u00e4ddningsv\u00e4gar \u00e4r endast till\u00e5ten under korta servicek\u00f6rningar, t.ex. f\u00f6r lastning eller lossning av gods. D\u00e4refter m\u00e5ste fordonet flyttas bort.&nbsp;Det \u00e4r till\u00e5tet att parkera endast p\u00e5 de anvisade platserna, och det \u00e4r inte till\u00e5tet att parkera framf\u00f6r d\u00f6rren eller p\u00e5 gr\u00e4somr\u00e5dena.<\/p>\n\n\n\n<p>On\u00f6digt k\u00f6rande p\u00e5 g\u00e5rds- och r\u00e4ddningsv\u00e4gar b\u00f6r undvikas och d\u00e5 man k\u00f6r ska man iaktta ytterlig f\u00f6rsiktighet.<\/p>\n\n\n\n<p>R\u00e4ddningsv\u00e4garna och -omr\u00e5dena p\u00e5 fastigheterna ska l\u00e4mnas fria f\u00f6r utryckningsfordon. Utryckningsfordon ska alltid ha obehindrat tilltr\u00e4de till bostadens framsida.&nbsp;<\/p>\n\n\n\n<h2 class=\"wp-block-heading\">G\u00e4stplatser<\/h2>\n\n\n\n<p>Fastighetens g\u00e4stplatser \u00e4r avsedda f\u00f6r kortvarig parkering f\u00f6r de boendes g\u00e4ster och det \u00e4r inte till\u00e5tet f\u00f6r de boende att parkera d\u00e4r. En del av g\u00e4stplatserna har tidsbegr\u00e4nsning.<\/p>\n\n\n\n<h2 class=\"wp-block-heading\">Parkering med inva-m\u00e4rke<\/h2>\n\n\n\n<p>Vid en del av Vasos fastigheter finns det parkeringsplatser f\u00f6rsedda med inva-m\u00e4rke. Dessa platser \u00e4r avgiftsbelagda och du kan fr\u00e5ga Vaso om uthyrning av dem. G\u00e5rdsomr\u00e5dena vid Vasos fastigheter \u00e4r privatomr\u00e5de, s\u00e5 till skillnad fr\u00e5n allm\u00e4nna omr\u00e5den f\u00e5r man inte parkera n\u00e5gon annanstans \u00e4n p\u00e5 en inva-plats med ett inva-m\u00e4rke.<\/p>\n\n\n\n<h2 class=\"wp-block-heading\">Parkerings\u00f6vervakning<\/h2>\n\n\n\n<p>I en del av fastigheterna finns parkerings\u00f6vervakning och om detta har informerats med skyltar n\u00e4r man anl\u00e4nder till parkeringsomr\u00e5det. Parkerings\u00f6vervakningen sk\u00f6ts av Pys\u00e4k\u00f6intiturva, dit du ocks\u00e5 kan anm\u00e4la om felparkerade fordon. Om du upplever att det finns behov av parkerings\u00f6vervakning i din fastighet, ta kontakt med boendekommitt\u00e9n eller disponenten. I fastigheter d\u00e4r det inte finns parkerings\u00f6vervakning kan de boende anm\u00e4la de felparkerade bilarnas registernummer till disponenten.<\/p>\n\n\n\n<h2 class=\"wp-block-heading\">Elstolpar (andra \u00e4n eParking)<\/h2>\n\n\n\n<p>Till n\u00e4stan alla g\u00e5rdsplatser som Vaso hyr ut h\u00f6r en elstolpe avsedd f\u00f6r uppv\u00e4rmning av bilar. <strong>Det \u00e4r absolut f\u00f6rbjudet att ladda hybrid- eller elbilar vid dessa stolpar, eftersom systemet inte \u00e4r gjort f\u00f6r att h\u00e5lla f\u00f6r s\u00e5 stor elf\u00f6rbrukning.<\/strong> Locket p\u00e5 elstolpen ska h\u00e5llas l\u00e5st och uppv\u00e4rmningskablarna ska vara l\u00f6sgjorda. Servicebolaget har r\u00e4tt att ta till vara h\u00e4ngande och defekta kablar. Nyckeln till elstolpen f\u00e5r du fr\u00e5n Vasos kontor eller fr\u00e5n ditt servicebolag, och nyckeln ska returneras till Vaso d\u00e5 hyresf\u00f6rh\u00e5llandet f\u00f6r bilplatsen avslutas.<\/p>\n\n\n\n<h2 class=\"wp-block-heading\">Anskaffning av enskild laddningsstolpe<\/h2>\n\n\n\n<p>Om det inte finns en laddningsstolpe f\u00f6r hybrid- eller elbil i fastigheten, kan den boende skaffa den som ett separat \u00e4ndringsarbete.&nbsp;<\/p>\n\n\n\n<h2 class=\"wp-block-heading\">Bilhallar<\/h2>\n\n\n\n<p>I bilhallarna f\u00e5r man inte f\u00f6rvara \u00f6verlopps saker s\u00e5som brandfarliga v\u00e4tskor etc. I garagen och f\u00f6rr\u00e5den \u00e4r det till\u00e5tet att f\u00f6rvara en upps\u00e4ttning d\u00e4ck (4 st). Nycklarna\/fj\u00e4rrkontrollerna till hallarna f\u00e5s fr\u00e5n Vaso och de ska returneras till Vaso d\u00e5 hyresf\u00f6rh\u00e5llandet f\u00f6r bilplatsen har upph\u00f6rt.&nbsp;<\/p>\n","protected":false},"excerpt":{"rendered":"<p>Vid varje Vaso-fastighet finns det ett parkeringsomr\u00e5de som \u00e4r avsett f\u00f6r de boende. Det f\u00f6rekommer skillnader mellan fastigheterna i priss\u00e4ttningen och reserveringen av parkeringsplatser. N\u00e4rmare uppgifter om din egen fastighet f\u00e5r du av din disponent. Det \u00e4r till\u00e5tet att parkera endast p\u00e5 omr\u00e5den som anvisats f\u00f6r detta \u00e4ndam\u00e5l och parkeringsomr\u00e5dena \u00e4r avsedda f\u00f6r fordon som [&hellip;]<\/p>\n","protected":false},"author":1,"featured_media":6113,"parent":0,"menu_order":4,"comment_status":"closed","ping_status":"closed","template":"","meta":{"_acf_changed":false,"footnotes":""},"class_list":["post-8451","page","type-page","status-publish","has-post-thumbnail","hentry"],"acf":[],"aioseo_notices":[],"publishpress_future_action":{"enabled":false,"date":"2026-05-15 16:59:49","action":"change-status","newStatus":"draft","terms":[],"taxonomy":"translation_priority","extraData":[]},"publishpress_future_workflow_manual_trigger":{"enabledWorkflows":[]},"_links":{"self":[{"href":"https:\/\/www.vaso.fi\/sv\/wp-json\/wp\/v2\/pages\/8451","targetHints":{"allow":["GET"]}}],"collection":[{"href":"https:\/\/www.vaso.fi\/sv\/wp-json\/wp\/v2\/pages"}],"about":[{"href":"https:\/\/www.vaso.fi\/sv\/wp-json\/wp\/v2\/types\/page"}],"author":[{"embeddable":true,"href":"https:\/\/www.vaso.fi\/sv\/wp-json\/wp\/v2\/users\/1"}],"replies":[{"embeddable":true,"href":"https:\/\/www.vaso.fi\/sv\/wp-json\/wp\/v2\/comments?post=8451"}],"version-history":[{"count":0,"href":"https:\/\/www.vaso.fi\/sv\/wp-json\/wp\/v2\/pages\/8451\/revisions"}],"wp:featuredmedia":[{"embeddable":true,"href":"https:\/\/www.vaso.fi\/sv\/wp-json\/wp\/v2\/media\/6113"}],"wp:attachment":[{"href":"https:\/\/www.vaso.fi\/sv\/wp-json\/wp\/v2\/media?parent=8451"}],"curies":[{"name":"wp","href":"https:\/\/api.w.org\/{rel}","templated":true}]}}