{"id":8461,"date":"2022-11-10T12:10:32","date_gmt":"2022-11-10T10:10:32","guid":{"rendered":"https:\/\/www.vaso.fi\/?page_id=8461"},"modified":"2026-04-16T10:26:18","modified_gmt":"2026-04-16T07:26:18","slug":"kontor-och-oppettider","status":"publish","type":"page","link":"https:\/\/www.vaso.fi\/sv\/kontor-och-oppettider\/","title":{"rendered":"Kontor och \u00f6ppettider"},"content":{"rendered":"\r\n<section class=\"hero site-banner banner-bg-image section-default left alignfull image\">\r\n\r\n    <div class=\"site-banner-bg section-bg-image \" >\r\n\r\n        <img decoding=\"async\" width=\"1940\" height=\"1280\" src=\"https:\/\/www.vaso.fi\/wp-content\/uploads\/2023\/02\/toimiston-aukioloajat.jpg\" class=\"attachment-1536\u00d71536 size-1536\u00d71536\" alt=\"Toimiston aukioloajat\" srcset=\"https:\/\/www.vaso.fi\/wp-content\/uploads\/2023\/02\/toimiston-aukioloajat.jpg 1940w, https:\/\/www.vaso.fi\/wp-content\/uploads\/2023\/02\/toimiston-aukioloajat-300x198.jpg 300w, https:\/\/www.vaso.fi\/wp-content\/uploads\/2023\/02\/toimiston-aukioloajat-1024x676.jpg 1024w, https:\/\/www.vaso.fi\/wp-content\/uploads\/2023\/02\/toimiston-aukioloajat-768x507.jpg 768w, https:\/\/www.vaso.fi\/wp-content\/uploads\/2023\/02\/toimiston-aukioloajat-1536x1013.jpg 1536w\" sizes=\"(max-width: 1940px) 100vw, 1940px\" \/>\r\n        \r\n            <div class=\"site-banner-content container\">\r\n                <div class=\"row w-100\">\r\n                    <div class=\"col-md-12\">\r\n                                                        <h1 class=\"hero-title\">Kontor och \u00f6ppettider<\/h1>\r\n\r\n                        <div class=\"inner-content\">\r\n                            <div class=\"acf-innerblocks-container\"><\/div>\r\n                        <\/div>                    <\/div>\r\n                                    <\/div>\r\n            <\/div>\r\n        \r\n        <\/div><\/section>\r\n\t<div class=\"my-3 pb-3 breadcrumb\">\r\n        <div class=\"aioseo-breadcrumbs\"><span class=\"aioseo-breadcrumb\">\n\tKontor och \u00f6ppettider\n<\/span><\/div>\t<\/div>\r\n\n\n\n<p>Fredsgatan 4, 20100 \u00c5BO<br>Tfn <a href=\"tel:+35822747000\" title=\"\">02 2747 000<\/a><\/p>\n\n\n\n<p><strong>Kontorets \u00f6ppettider<\/strong><br>m\u00e5\u2013to kl. 10\u201316<br>fr kl. 10\u201315<\/p>\n\n\n\n<p><strong>Telefonservicens \u00f6ppettider<\/strong><\/p>\n\n\n\n<p><strong>Bostadsf\u00f6rs\u00e4ljning<\/strong><\/p>\n\n\n\n<p>m\u00e5\u2013fr 10\u201314<\/p>\n\n\n\n<p><strong>Disponent<\/strong><\/p>\n\n\n\n<p>m\u00e5\u2013fr 10\u201312<\/p>\n\n\n\n<p><strong>Vederlagstillsyn<\/strong><br>m\u00e5\u2013fr 10\u201314<br>V\u00e5ra direkta telefonnummer hittar du p\u00e5 sidan Personal<\/p>\n\n\n\n<div class=\"wp-block-buttons is-layout-flex wp-block-buttons-is-layout-flex\">\n<div class=\"wp-block-button\"><a class=\"wp-block-button__link wp-element-button\" href=\"https:\/\/www.vaso.fi\/sv\/personal\/\">Personal<\/a><\/div>\n<\/div>\n\n\n\n<p><strong>Kundservice f\u00f6r bostadsf\u00f6rs\u00e4ljningen<br><\/strong><a href=\"mailto:myynti@vaso.fi\" target=\"_blank\" rel=\"noreferrer noopener\">myynti@vaso.fi<\/a><br>Tfn <a href=\"tel:+35822747002\" title=\"\">02 274 7002<\/a><\/p>\n\n\n\n<p><strong>Fastighetsf\u00f6rvaltning<\/strong><\/p>\n\n\n\n<p>Kontaktuppgifterna till disponenten i din fastighet hittar du p\u00e5 Vasos sidor disponentskap och service etunimi.sukunimi@vaso.fi<br><a href=\"mailto:firstname.lastname@vaso.fi\">f\u00f6rnamn.efternamn @vaso.fi<\/a><\/p>\n\n\n\n<p>Tfn <a href=\"tel:+35822747006\" title=\"\">02 274 7006<\/a><\/p>\n\n\n\n<div class=\"wp-block-buttons is-layout-flex wp-block-buttons-is-layout-flex\">\n<div class=\"wp-block-button\"><a class=\"wp-block-button__link wp-element-button\" href=\"https:\/\/www.vaso.fi\/sv\/servicebolag-eller-disponent\/\">S\u00f6k servicebolag eller disponent<\/a><\/div>\n<\/div>\n\n\n\n<p><strong>Vederlags- och hyrestillsyn<br><\/strong><a href=\"mailto:vastikevalvonta@vaso.fi\">vastikevalvonta@vaso.fi<\/a><br>Tfn <a href=\"tel:+35822747004\" title=\"\">02 274 7004<\/a><\/p>\n\n\n\n<p><strong>Samarbetsorgan f\u00f6r de boende YTE<\/strong><strong><br><\/strong>Om du har en fr\u00e5ga i anslutning till Vaso-boende eller ett meddelande som du vill att samarbetsorganet f\u00f6r de boende YTE ska ta upp till behandling, skicka e-post till adressen&nbsp;<a href=\"mailto:yte@vaso.fi\">yte@vaso.fi<\/a>.<\/p>\n\n\n\n<p> &nbsp; &nbsp; &nbsp; &nbsp; &nbsp; &nbsp; &nbsp; &nbsp; &nbsp; &nbsp; &nbsp; &nbsp; &nbsp; &nbsp; &nbsp; &nbsp; &nbsp; &nbsp; &nbsp; &nbsp; &nbsp; &nbsp; &nbsp; &nbsp; &nbsp; &nbsp;&nbsp;<\/p>\n\n\n\n<p><\/p>\n\n\n\n<p><\/p>\n\n\n\r\n<div class=\"maps-block \">\r\n    <iframe class=\"maps-iframe\" src=\"https:\/\/maps.google.com\/maps?q=Varsinais-Suomen Asumisoikeus, Rauhankatu 4, 20100 Turku&#038;hl=fi&amp;z=16&amp;output=embed\" class=\"gmaps-iframe\" loading=\"lazy\" title=\"Googlekartta\" tabIndex=\"-1\"><\/iframe>\r\n<\/div>","protected":false},"excerpt":{"rendered":"<p>Fredsgatan 4, 20100 \u00c5BOTfn 02 2747 000 Kontorets \u00f6ppettiderm\u00e5\u2013to kl. 10\u201316fr kl. 10\u201315 Telefonservicens \u00f6ppettider Bostadsf\u00f6rs\u00e4ljning m\u00e5\u2013fr 10\u201314 Disponent m\u00e5\u2013fr 10\u201312 Vederlagstillsynm\u00e5\u2013fr 10\u201314V\u00e5ra direkta telefonnummer hittar du p\u00e5 sidan Personal Kundservice f\u00f6r bostadsf\u00f6rs\u00e4ljningenmyynti@vaso.fiTfn 02 274 7002 Fastighetsf\u00f6rvaltning Kontaktuppgifterna till disponenten i din fastighet hittar du p\u00e5 Vasos sidor disponentskap och service etunimi.sukunimi@vaso.fif\u00f6rnamn.efternamn @vaso.fi Tfn 02 [&hellip;]<\/p>\n","protected":false},"author":1,"featured_media":4056,"parent":0,"menu_order":5,"comment_status":"closed","ping_status":"closed","template":"","meta":{"_acf_changed":false,"footnotes":""},"class_list":["post-8461","page","type-page","status-publish","has-post-thumbnail","hentry"],"acf":[],"aioseo_notices":[],"publishpress_future_action":{"enabled":false,"date":"2026-04-24 03:24:04","action":"change-status","newStatus":"draft","terms":[],"taxonomy":"translation_priority","extraData":[]},"publishpress_future_workflow_manual_trigger":{"enabledWorkflows":[]},"_links":{"self":[{"href":"https:\/\/www.vaso.fi\/sv\/wp-json\/wp\/v2\/pages\/8461","targetHints":{"allow":["GET"]}}],"collection":[{"href":"https:\/\/www.vaso.fi\/sv\/wp-json\/wp\/v2\/pages"}],"about":[{"href":"https:\/\/www.vaso.fi\/sv\/wp-json\/wp\/v2\/types\/page"}],"author":[{"embeddable":true,"href":"https:\/\/www.vaso.fi\/sv\/wp-json\/wp\/v2\/users\/1"}],"replies":[{"embeddable":true,"href":"https:\/\/www.vaso.fi\/sv\/wp-json\/wp\/v2\/comments?post=8461"}],"version-history":[{"count":1,"href":"https:\/\/www.vaso.fi\/sv\/wp-json\/wp\/v2\/pages\/8461\/revisions"}],"predecessor-version":[{"id":20449,"href":"https:\/\/www.vaso.fi\/sv\/wp-json\/wp\/v2\/pages\/8461\/revisions\/20449"}],"wp:featuredmedia":[{"embeddable":true,"href":"https:\/\/www.vaso.fi\/sv\/wp-json\/wp\/v2\/media\/4056"}],"wp:attachment":[{"href":"https:\/\/www.vaso.fi\/sv\/wp-json\/wp\/v2\/media?parent=8461"}],"curies":[{"name":"wp","href":"https:\/\/api.w.org\/{rel}","templated":true}]}}