{"id":9510,"date":"2023-09-25T13:51:29","date_gmt":"2023-09-25T10:51:29","guid":{"rendered":"https:\/\/www.vaso.fi\/?page_id=9510"},"modified":"2023-09-25T13:51:34","modified_gmt":"2023-09-25T10:51:34","slug":"bostadsrattssokande-2","status":"publish","type":"page","link":"https:\/\/www.vaso.fi\/sv\/bostadsrattssokande-2\/","title":{"rendered":""},"content":{"rendered":"\n<h1 class=\"wp-block-heading\">Bostadsr\u00e4ttss\u00f6kande<\/h1>\n\n\n\n<p id=\"block-73053687-d3a4-4354-bbb5-425469137b5d\"><strong><strong>1. Personuppgiftsansvarig<\/strong><\/strong><\/p>\n\n\n\n<p>Varsinais-Suomen Asumisoikeus Oy (FO-nummer: 0831852-3)<br>Fredsgatan 4<br>20100 \u00c5bo<br>tfn 02 2747 000<\/p>\n\n\n\n<p id=\"block-c0d273bf-101a-45f6-b07e-7644010e4576\"><strong>2. Den personuppgiftsansvariges representant<\/strong><\/p>\n\n\n\n<p>Bostadschefen<br>Fredsgatan 4<br>20100 \u00c5bo<br>tfn 02 2747 000<br>vaso@vaso.fi<\/p>\n\n\n\n<p id=\"block-16d4fbca-baca-462d-be4c-7dfc8097d89d\"><strong>3. Dataskyddsombud<\/strong><\/p>\n\n\n\n<p id=\"block-9114a874-0fda-4419-a729-6c4528d315cd\">Inte utn\u00e4mnd<\/p>\n\n\n\n<p id=\"block-2817b13b-7f0a-4d71-a325-fa8898402b03\"><strong>4. Registrets namn<\/strong><\/p>\n\n\n\n<p id=\"block-03054ffc-1136-44cc-ab15-68f703d6bae0\">Registret \u00f6ver bostadsr\u00e4ttss\u00f6kande<\/p>\n\n\n\n<p id=\"block-c8c74c4a-c644-45fe-95a3-8c3042233001\"><strong>5. Syftet med behandlingen av personuppgifter samt r\u00e4ttslig grund f\u00f6r behandlingen<\/strong><\/p>\n\n\n\n<p id=\"block-b3f35200-2169-4191-bea0-7c14c4e42eba\">Behandling av uppgifter i ans\u00f6kningar till bostadsr\u00e4ttsbost\u00e4der samt val av boende.<\/p>\n\n\n\n<p id=\"block-64d94d0d-e632-4b6c-a21a-5f3d5c0732ca\">Behandlingen av personuppgifter grundar sig p\u00e5 lagen om bostadsr\u00e4ttsbost\u00e4der (393\/2021), Varsinais-Suomen Asumisoikeus Oy:s (Vaso) eller s\u00f6kandens ber\u00e4ttigade intresse.<\/p>\n\n\n\n<p id=\"block-e57461c4-7459-4db8-9566-ac94dcb9a7d7\"><strong>6. Personuppgiftsgrupper<\/strong><\/p>\n\n\n\n<p id=\"block-b956deb1-95ca-4781-b782-8b5a65e0574a\">S\u00f6kande till bostadsr\u00e4ttsbostad<\/p>\n\n\n\n<p id=\"block-51e009f1-aefc-4448-b60b-9cdfa937c676\"><strong>7. Registrets datainneh\u00e5ll<\/strong><\/p>\n\n\n\n<p id=\"block-54a20fee-5f96-48c3-aad3-e629397deec8\">Den bostadss\u00f6kandes<\/p>\n\n\n\n<ul class=\"wp-block-list\" id=\"block-9d85308c-59e0-4609-bec1-e521a4f024fd\">\n<li>efternamn<\/li>\n\n\n\n<li>f\u00f6rnamn<\/li>\n\n\n\n<li>personbeteckning<\/li>\n\n\n\n<li>adressuppgifter<\/li>\n\n\n\n<li>mobiltelefonnummer<\/li>\n\n\n\n<li>e-postadress<\/li>\n<\/ul>\n\n\n\n<p id=\"block-de73d23e-04b0-4128-a017-f159b7b2c58c\">Meds\u00f6kandens<\/p>\n\n\n\n<ul class=\"wp-block-list\" id=\"block-a23d1f0b-2d01-4b84-b063-1e21a76e8628\">\n<li>efternamn<\/li>\n\n\n\n<li>f\u00f6rnamn<\/li>\n\n\n\n<li>personbeteckning<\/li>\n\n\n\n<li>adressuppgifter<\/li>\n\n\n\n<li>mobiltelefonnummer<\/li>\n\n\n\n<li>e-postadress<\/li>\n<\/ul>\n\n\n\n<p id=\"block-b18fe4e5-b74c-45cd-a34a-1aa0be137b99\">\ufeff<\/p>\n\n\n\n<ul class=\"wp-block-list\" id=\"block-b3944a1d-a6e5-48d2-9ab1-5abdd633f3e2\">\n<li>Ordningsnummer f\u00f6r bostadsr\u00e4tt<\/li>\n\n\n\n<li>Den s\u00f6kta bostadens l\u00e4ge<\/li>\n\n\n\n<li>Den s\u00f6kta bostadens storlek (min och max) och l\u00e4genhetstyper<\/li>\n\n\n\n<li>Maximalt vederlagsbelopp (euro)<\/li>\n\n\n\n<li>\u00d6vriga medflyttande personer (18\u201354 \u00e5r), d\u00e5 en bostad erbjuds<ul><li>efternamn<\/li><\/ul><\/li>\n\n\n\n<li><ul><li>f\u00f6rnamn<\/li><\/ul>\n<ul class=\"wp-block-list\">\n<li>f\u00f6delsetid<\/li>\n<\/ul>\n<\/li>\n\n\n\n<li>F\u00f6rm\u00f6genhetsutredning f\u00f6r alla som flyttar in i bostadsr\u00e4ttsbostaden, d\u00e5 en bostad erbjuds<\/li>\n<\/ul>\n\n\n\n<p id=\"block-b0fd42bf-64b5-4d0b-95b7-4285926b4a61\"><strong>8. Regelm\u00e4ssiga informationsk\u00e4llor<\/strong><\/p>\n\n\n\n<p id=\"block-9927c7e4-b1cb-4bd2-a250-b37e94ad56da\">Den bostadss\u00f6kandes eget meddelande. Vaso kan l\u00e4gga till uppgifter i samband med diskussioner som man f\u00f6r med Bostadss\u00f6kanden. I erbjudandet som skickats till S\u00f6kanden beg\u00e4rs en komplettering av uppgifterna i fr\u00e5ga om medflyttande personer samt f\u00f6rm\u00f6genhetsutredningen.<\/p>\n\n\n\n<p id=\"block-a5bf999e-ccab-4648-8f60-6f2af84cd174\"><strong>9. L\u00e4mnande av personuppgifter<\/strong><\/p>\n\n\n\n<p id=\"block-ed17a177-40e9-40e5-925c-f839ccd014be\">L\u00e4mnande av personuppgifter grundar sig p\u00e5 frivillighet<\/p>\n\n\n\n<p id=\"block-fd63c3f3-33f6-4e3e-b815-a0cd612dc810\"><strong>10. Automatiserat beslutsfattande<\/strong><\/p>\n\n\n\n<p id=\"block-8f156e76-41b1-4a7b-a257-7a941ef9e11f\">Utifr\u00e5n personuppgifterna g\u00f6rs inga automatiska beslut eller profileringar.<\/p>\n\n\n\n<p id=\"block-40f6fa53-9b5f-44ee-84a2-5d68a1126605\"><strong>11. Mottagare av personuppgifter<\/strong><\/p>\n\n\n\n<p id=\"block-ab10b4ab-85c0-4ea6-a851-7da15affe623\">Finansierings- och utvecklingscentralen f\u00f6r boendet (ARA) samt kommunerna fungerar som tillsynsmyndigheter, och har r\u00e4tt att f\u00e5 de uppgifter de beh\u00f6ver f\u00f6r att ut\u00f6va tillsynen.<\/p>\n\n\n\n<p id=\"block-3bc1c75f-b570-4b56-b460-463c011fc3b1\"><strong>12. \u00d6verf\u00f6ring av uppgifter till tredje land<\/strong><\/p>\n\n\n\n<p id=\"block-7f7934e7-62ad-40f6-b731-40ad85f8e345\">\u00d6verf\u00f6rs inte<\/p>\n\n\n\n<p id=\"block-ddb4793d-7cf3-4296-b342-7f4abc02eabb\"><strong>13. Lagringstid f\u00f6r personuppgifter<\/strong><\/p>\n\n\n\n<p id=\"block-c3baf853-104a-4d0a-a024-fc1148216d32\">Ans\u00f6kan lagras i sex (6) \u00e5rs tid r\u00e4knat fr\u00e5n tidpunkten d\u00e5 kunden senast l\u00e4mnat in en ans\u00f6kan, om kunden inte har gjort ett bostadsr\u00e4ttsavtal.<\/p>\n\n\n\n<p id=\"block-4ae86e41-0631-4740-9057-c3a66540f991\"><strong>14. Den registrerades r\u00e4ttigheter<\/strong><\/p>\n\n\n\n<p id=\"block-ac6ea711-b314-47fd-9066-4dfccca8c54c\">F\u00f6r Varsinais-Suomen Asumisoikeus Oy \u00e4r det av st\u00f6rsta vikt att tillf\u00f6rlitligheten och trov\u00e4rdigheten hos bolagets system och personregister kan uppr\u00e4tth\u00e5llas och s\u00e4kerst\u00e4llas. All behandling av personuppgifter sker i enlighet med dataskyddslagstiftningen, d\u00e4r de viktigaste allm\u00e4nna lagarna som reglerar personregister och behandling av personuppgifter \u00e4r dataskyddslagen (1050\/2018) och EU:s allm\u00e4nna dataskyddsf\u00f6rordning GDPR (679\/2016).<\/p>\n\n\n\n<p id=\"block-dd98057b-f84f-483a-a28d-48bc567ebe86\"><strong>Den registrerade har r\u00e4tt att:<\/strong><\/p>\n\n\n\n<ul class=\"wp-block-list\" id=\"block-e0d93e79-bf7f-4b66-a12b-d3639381c1c6\">\n<li>f\u00e5 information om behandlingen av personuppgifterna<\/li>\n\n\n\n<li>f\u00e5 tilltr\u00e4de till uppgifterna<\/li>\n\n\n\n<li>r\u00e4tta uppgifterna<\/li>\n\n\n\n<li>radera uppgifterna och bli gl\u00f6md<\/li>\n\n\n\n<li>begr\u00e4nsa behandlingen av personuppgifterna<\/li>\n\n\n\n<li>\u00f6verf\u00f6ra uppgifterna fr\u00e5n ett system till ett annat<\/li>\n\n\n\n<li>mots\u00e4tta sig behandlingen av personuppgifter och att inte bli f\u00f6rem\u00e5l f\u00f6r automatiserat beslutsfattande<\/li>\n<\/ul>\n\n\n\n<p id=\"block-f7ee0c1d-c823-4804-9f06-23c8a5d47a6e\">Den registrerade kan inte ut\u00f6va alla ovan n\u00e4mnda r\u00e4ttigheter i alla situationer, f\u00f6r ut\u00f6vandet av r\u00e4ttigheterna p\u00e5verkas till exempel av grunden vilken personuppgifterna behandlas.<\/p>\n\n\n\n<p id=\"block-59733f3e-f6f8-4ede-8ac9-abd15b8a6995\"><strong>15. R\u00e4tt att l\u00e4mna klagom\u00e5l till tillsynsmyndighet<\/strong><\/p>\n\n\n\n<p id=\"block-e1481a87-5d60-4e79-9f22-03359a57e234\">Om du upplever att man i behandlingen av dina personuppgifter har brutit mot dataskyddslagstiftningen, kan du f\u00f6ra \u00e4rendet till dataombudsmannen f\u00f6r behandling. Mer information och anvisningar ger dataombudsmannen.<\/p>\n\n\n\n<p id=\"block-9a8c37f7-9604-4ad8-a052-ca967059f014\">Kontaktuppgifterna till dataombudsmannens byr\u00e5 hittar du p\u00e5 sidan: Kontaktuppgifter till dataombudsmannens byr\u00e5 &#8211; Dataombudsmannens byr\u00e5.<\/p>\n","protected":false},"excerpt":{"rendered":"<p>Bostadsr\u00e4ttss\u00f6kande 1. Personuppgiftsansvarig Varsinais-Suomen Asumisoikeus Oy (FO-nummer: 0831852-3)Fredsgatan 420100 \u00c5botfn 02 2747 000 2. Den personuppgiftsansvariges representant BostadschefenFredsgatan 420100 \u00c5botfn 02 2747 000vaso@vaso.fi 3. Dataskyddsombud Inte utn\u00e4mnd 4. Registrets namn Registret \u00f6ver bostadsr\u00e4ttss\u00f6kande 5. Syftet med behandlingen av personuppgifter samt r\u00e4ttslig grund f\u00f6r behandlingen Behandling av uppgifter i ans\u00f6kningar till bostadsr\u00e4ttsbost\u00e4der samt val av boende. [&hellip;]<\/p>\n","protected":false},"author":4,"featured_media":0,"parent":0,"menu_order":0,"comment_status":"closed","ping_status":"closed","template":"","meta":{"_acf_changed":false,"footnotes":""},"class_list":["post-9510","page","type-page","status-publish","hentry"],"acf":[],"aioseo_notices":[],"publishpress_future_action":{"enabled":false,"date":"2026-04-26 10:00:50","action":"change-status","newStatus":"draft","terms":[],"taxonomy":"translation_priority","extraData":[]},"publishpress_future_workflow_manual_trigger":{"enabledWorkflows":[]},"_links":{"self":[{"href":"https:\/\/www.vaso.fi\/sv\/wp-json\/wp\/v2\/pages\/9510","targetHints":{"allow":["GET"]}}],"collection":[{"href":"https:\/\/www.vaso.fi\/sv\/wp-json\/wp\/v2\/pages"}],"about":[{"href":"https:\/\/www.vaso.fi\/sv\/wp-json\/wp\/v2\/types\/page"}],"author":[{"embeddable":true,"href":"https:\/\/www.vaso.fi\/sv\/wp-json\/wp\/v2\/users\/4"}],"replies":[{"embeddable":true,"href":"https:\/\/www.vaso.fi\/sv\/wp-json\/wp\/v2\/comments?post=9510"}],"version-history":[{"count":0,"href":"https:\/\/www.vaso.fi\/sv\/wp-json\/wp\/v2\/pages\/9510\/revisions"}],"wp:attachment":[{"href":"https:\/\/www.vaso.fi\/sv\/wp-json\/wp\/v2\/media?parent=9510"}],"curies":[{"name":"wp","href":"https:\/\/api.w.org\/{rel}","templated":true}]}}